{"id":22761,"date":"2021-07-12T10:23:48","date_gmt":"2021-07-12T08:23:48","guid":{"rendered":"https:\/\/www.cmclift.com\/contatti\/"},"modified":"2022-01-28T12:29:57","modified_gmt":"2022-01-28T11:29:57","slug":"contactez-nous","status":"publish","type":"page","link":"https:\/\/staging.cmclift.com\/fr\/contactez-nous\/","title":{"rendered":"Contactez-nous"},"content":{"rendered":"<div class=\"wpb-content-wrapper\"><p>[vc_row full_width=\u00a0\u00bbstretch_row\u00a0\u00bb content_placement=\u00a0\u00bbbottom\u00a0\u00bb css=\u00a0\u00bb.vc_custom_1631087352594{background-image: url(https:\/\/www.cmclift.com\/wp-content\/uploads\/2021\/07\/Hero_Contatti.jpg?id=188) !important;background-position: center !important;background-repeat: no-repeat !important;background-size: cover !important;}\u00a0\u00bb el_class=\u00a0\u00bbgrd altezza\u00a0\u00bb][vc_column][vc_raw_js]JTNDc2NyaXB0JTNFJTBBZG9jdW1lbnQuYWRkRXZlbnRMaXN0ZW5lciUyOCUyN0RPTUNvbnRlbnRMb2FkZWQlMjclMkMlMjBmdW5jdGlvbiUyOCUyOSU3QiUyMCUwQSUyMCUyMCUwQSU3RCUyOSUzQiUwQSUzQyUyRnNjcmlwdCUzRQ==[\/vc_raw_js][vc_raw_html]JTNDc3R5bGUlM0UlMEEuY291bnRyeS1zZWxlY3QuaW5zaWRlJTIwaW5wdXQlMkMlMjAuY291bnRyeS1zZWxlY3QuaW5zaWRlJTIwaW5wdXQlNUJ0eXBlJTNEdGV4dCU1RCUyMCU3QiUyMHBhZGRpbmctbGVmdCUzQTQ1cHglMjAlMjFpbXBvcnRhbnQlM0IlN0QlMEEuc2VsZWN0ZWQtZmxhZyUyMC5hcnJvdyUzQWJlZm9yZSUyQy5zZWxlY3RlZC1mbGFnJTIwLmFycm93JTNBYWZ0ZXIlMjAlN0JkaXNwbGF5JTNBJTIwbm9uZSUzQiU3RCUwQS5jb3VudHJ5dGV4dC02OTglMjAuY291bnRyeS1zZWxlY3QlMjAuc2VsZWN0ZWQtZmxhZyUyMC5mbGFnJTIwJTdCdG9wJTNBNTAlMjUlM0Jib3R0b20lM0ElMjBhdXRvJTNCJTdEJTBBLmNvdW50cnl0ZXh0LTY5OCUyMC5jb3VudHJ5LXNlbGVjdCUyMC5zZWxlY3RlZC1mbGFnJTIwLmFycm93JTIwJTdCdG9wJTNBJTIwNjAlMjUlM0IlN0QlMjAlMEFmb3JtLndwY2Y3LWZvcm0uZ2VtLWNvbnRhY3QtZm9ybS1zaW1wbGUtbGluZSUyMGlucHV0JTVCdHlwZSUzRCUyMnRleHQlMjIlNUQlMjAlN0IlMEElMjB0ZXh0LXRyYW5zZm9ybSUzQSUyMHVwcGVyY2FzZSUzQiUwQSU3RCUwQSUzQyUyRnN0eWxlJTNF[\/vc_raw_html][vc_row_inner][vc_column_inner][vc_raw_html el_class=\u00a0\u00bba-center bricciole\u00a0\u00bb]JTVCd3BzZW9fYnJlYWRjcnVtYiU1RA==[\/vc_raw_html][\/vc_column_inner][\/vc_row_inner][\/vc_column][\/vc_row][vc_row][vc_column width=\u00a0\u00bb1\/4&Prime;][vc_column_text]<\/p>\n<h4>C.M.C. s.r.l.<\/h4>\n<p>[\/vc_column_text][vc_raw_html el_class=\u00a0\u00bbcontatti\u00a0\u00bb]JTNDdGFibGUlM0UlMEElM0N0ciUzRSUwQSUzQ3RkJTIwY29sc3BhbiUzRCUyMjIlMjIlM0VWaWElMjBCaXRyaXR0byUyMDExOSUzQyUyRnRkJTNFJTBBJTNDJTJGdHIlM0UlMEElM0N0ciUzRSUwQSUzQ3RkJTIwY29sc3BhbiUzRCUyMjIlMjIlM0U3MDEyNCUyMEJBUkklMjAlRTIlODAlOTMlMjBJVEFMWSUzQyUyRnRkJTNFJTBBJTNDJTJGdHIlM0UlMEElM0N0ciUzRSUwQSUzQ3RkJTNFVGVsJTNDJTJGdGQlM0UlM0N0ZCUzRSUyQjM5JTIwMDgwJTIwNTMyJTIwNjYlMjAwNiUzQyUyRnRkJTNFJTBBJTNDdHIlM0UlMEElM0N0ciUzRSUwQSUzQ3RkJTNFJTNDJTJGdGQlM0UlM0N0ZCUzRSUyQjM5JTIwMDgwJTIwNTMyJTIwNjUlMjA1NyUzQyUyRnRkJTNFJTBBJTNDJTJGdHIlM0UlMEElM0N0ciUzRSUwQSUzQ3RkJTNFRmF4JTNDJTJGdGQlM0UlM0N0ZCUzRSUyQjM5JTIwMDgwJTIwNTM2JTIwODUlMjA0MSUzQyUyRnRkJTNFJTBBJTNDJTJGdHIlM0UlMEElM0N0ciUzRSUwQSUzQ3RkJTIwY29sc3BhbiUzRCUyMjIlMjIlM0UlM0MlMkZ0ZCUzRSUwQSUzQyUyRnRyJTNFJTBBJTNDdHIlM0UlMEElM0N0ZCUyMGNvbHNwYW4lM0QlMjIyJTIyJTNFaW5mbyU0MGNtY2xpZnQuY29tJTNDJTJGdGQlM0UlMEElM0MlMkZ0ciUzRSUwQSUzQyUyRnRhYmxlJTNFJTBB[\/vc_raw_html][\/vc_column][vc_column width=\u00a0\u00bb3\/4&Prime;][vc_column_text]<\/p>\n<h4>CONTACTS\/REQU\u00caTE COMMERCIALE<\/h4>\n<p>REMPLISSEZ LES CHAMPS[\/vc_column_text]\n<div class=\"wpcf7 no-js\" id=\"wpcf7-f22766-o1\" lang=\"fr-FR\" dir=\"ltr\">\n<div class=\"screen-reader-response\"><p role=\"status\" aria-live=\"polite\" aria-atomic=\"true\"><\/p> <ul><\/ul><\/div>\n<form action=\"\/fr\/wp-json\/wp\/v2\/pages\/22761#wpcf7-f22766-o1\" method=\"post\" class=\"wpcf7-form init gem-contact-form-white gem-contact-form-simple-line\" aria-label=\"Formulaire de contact\" novalidate=\"novalidate\" data-status=\"init\">\n<div style=\"display: none;\">\n<input type=\"hidden\" name=\"_wpcf7\" value=\"22766\" \/>\n<input type=\"hidden\" name=\"_wpcf7_version\" value=\"5.9.6\" \/>\n<input type=\"hidden\" name=\"_wpcf7_locale\" value=\"fr_FR\" \/>\n<input type=\"hidden\" name=\"_wpcf7_unit_tag\" value=\"wpcf7-f22766-o1\" \/>\n<input type=\"hidden\" name=\"_wpcf7_container_post\" value=\"0\" \/>\n<input type=\"hidden\" name=\"_wpcf7_posted_data_hash\" value=\"\" \/>\n<input type=\"hidden\" name=\"_wpcf7cf_hidden_group_fields\" value=\"[]\" \/>\n<input type=\"hidden\" name=\"_wpcf7cf_hidden_groups\" value=\"[]\" \/>\n<input type=\"hidden\" name=\"_wpcf7cf_visible_groups\" value=\"[]\" \/>\n<input type=\"hidden\" name=\"_wpcf7cf_repeaters\" value=\"[]\" \/>\n<input type=\"hidden\" name=\"_wpcf7cf_steps\" value=\"{}\" \/>\n<input type=\"hidden\" name=\"_wpcf7cf_options\" value=\"{&quot;form_id&quot;:22766,&quot;conditions&quot;:[{&quot;then_field&quot;:&quot;-1&quot;,&quot;and_rules&quot;:[{&quot;if_field&quot;:&quot;-1&quot;,&quot;operator&quot;:&quot;equals&quot;,&quot;if_value&quot;:&quot;Italy (Italia)&quot;}]}],&quot;settings&quot;:{&quot;animation&quot;:&quot;yes&quot;,&quot;animation_intime&quot;:200,&quot;animation_outtime&quot;:200,&quot;conditions_ui&quot;:&quot;normal&quot;,&quot;notice_dismissed&quot;:false,&quot;notice_dismissed_rollback-cf7-5.7.4&quot;:true}}\" \/>\n<\/div>\n<div class=\"container-flex contatti\">\n<div class=\"flex-50 pad-r\">\n<div><span class=\"wpcf7-form-control-wrap\" data-name=\"nome\"><input size=\"40\" maxlength=\"80\" class=\"wpcf7-form-control wpcf7-text wpcf7-validates-as-required\" aria-required=\"true\" aria-invalid=\"false\" placeholder=\"PR\u00c9NOM\" value=\"\" type=\"text\" name=\"nome\" \/><\/span> <\/div>\n<div><span class=\"wpcf7-form-control-wrap\" data-name=\"cognome\"><input size=\"40\" maxlength=\"80\" class=\"wpcf7-form-control wpcf7-text wpcf7-validates-as-required\" aria-required=\"true\" aria-invalid=\"false\" placeholder=\"NOM\" value=\"\" type=\"text\" name=\"cognome\" \/><\/span> <\/div>\n<div><span class=\"wpcf7-form-control-wrap\" data-name=\"azienda\"><input size=\"40\" maxlength=\"80\" class=\"wpcf7-form-control wpcf7-text wpcf7-validates-as-required\" aria-required=\"true\" aria-invalid=\"false\" placeholder=\"ENTREPRISE\" value=\"\" type=\"text\" name=\"azienda\" \/><\/span> <\/div>\n<div><span class=\"wpcf7-form-control-wrap\" data-name=\"tel-573\"><input size=\"40\" maxlength=\"11\" minlength=\"9\" class=\"wpcf7-form-control wpcf7-tel wpcf7-validates-as-required wpcf7-text wpcf7-validates-as-tel\" aria-required=\"true\" aria-invalid=\"false\" placeholder=\"T\u00c9L\u00c9PHONE\" value=\"\" type=\"tel\" name=\"tel-573\" \/><\/span><\/div>\n<div><span class=\"wpcf7-form-control-wrap\" data-name=\"email\"><input size=\"40\" maxlength=\"80\" class=\"wpcf7-form-control wpcf7-email wpcf7-validates-as-required wpcf7-text wpcf7-validates-as-email\" aria-required=\"true\" aria-invalid=\"false\" placeholder=\"ADDRESSE E-MAIL\" value=\"\" type=\"email\" name=\"email\" \/><\/span> <\/div>\n<div><span class=\"wpcf7-form-control-wrap\" data-name=\"state\"><input size=\"40\" maxlength=\"80\" class=\"wpcf7-form-control wpcf7-text wpcf7-validates-as-required\" aria-required=\"true\" aria-invalid=\"false\" placeholder=\"\u00c9TAT\/PAYS\" value=\"\" type=\"text\" name=\"state\" \/><\/span> <\/div>\n<\/div>\n<div class=\"flex-50 pad-l\">\n<div class=\"\"><span class=\"wpcf7-form-control-wrap\" data-name=\"attivita-40\"><input size=\"40\" maxlength=\"80\" class=\"wpcf7-form-control wpcf7-text wpcf7-validates-as-required\" aria-required=\"true\" aria-invalid=\"false\" placeholder=\"SECTEUR\" value=\"\" type=\"text\" name=\"attivita-40\" \/><\/span><\/div>\n<div><span class=\"wpcf7-form-control-wrap\" data-name=\"citta-40\"><input size=\"40\" maxlength=\"80\" class=\"wpcf7-form-control wpcf7-text wpcf7-validates-as-required\" aria-required=\"true\" aria-invalid=\"false\" placeholder=\"VILLE\" value=\"\" type=\"text\" name=\"citta-40\" \/><\/span><\/div>\n<div><span class=\"wpcf7-form-control-wrap\" data-name=\"indirizzo-40\"><input size=\"40\" maxlength=\"80\" class=\"wpcf7-form-control wpcf7-text wpcf7-validates-as-required\" aria-required=\"true\" aria-invalid=\"false\" placeholder=\"ADDRESSE\" value=\"\" type=\"text\" name=\"indirizzo-40\" \/><\/span><\/div>\n<div><span class=\"wpcf7-form-control-wrap\" data-name=\"cap-837\"><input class=\"wpcf7-form-control wpcf7-number wpcf7-validates-as-required wpcf7-validates-as-number\" aria-required=\"true\" aria-invalid=\"false\" placeholder=\"CODE POSTAL\" value=\"\" type=\"number\" name=\"cap-837\" \/><\/span><\/div>\n<div class=\"\"><span class=\"wpcf7-form-control-wrap\" data-name=\"messaggio\"><textarea cols=\"40\" rows=\"5\" maxlength=\"400\" class=\"wpcf7-form-control wpcf7-textarea wpcf7-validates-as-required\" aria-required=\"true\" aria-invalid=\"false\" placeholder=\"MESSAGE\" name=\"messaggio\"><\/textarea><\/span> <\/div>\n<\/div>\n<\/div>\n<div class=\"container-flex\">\n<div class=\"flex-100 pad-tb\"><span class=\"wpcf7-form-control-wrap\" data-name=\"acceptance-158\"><span class=\"wpcf7-form-control wpcf7-acceptance\"><span class=\"wpcf7-list-item\"><input type=\"checkbox\" name=\"acceptance-158\" value=\"1\" aria-invalid=\"false\" \/><\/span><\/span><\/span> <span class=\"pp\">Le consentement au traitement des donn\u00e9es * est consid\u00e9r\u00e9 comme librement donn\u00e9 si la case <a href=\"https:\/\/www.cmclift.com\/fr\/privacy-policy\/\" >\"Politique de confidentialit\u00e9\"<\/a> est s\u00e9lectionn\u00e9e.<\/span>\n<\/div>\n<\/div>\n<div class=\"container-flex\">\n<div class=\"flex-100\">\n<style type=\"text\/css\">.thegem-button-69f7c5915fa992620 .gem-button svg {fill: #505963FF;}.thegem-button-69f7c5915fa992620 .gem-button:hover svg {fill: #FFFFFFFF;}<\/style><div class=\"gem-button-container gem-button-position-right thegem-button-69f7c5915fa992620\"  ><input class=\"gem-button gem-button-size-medium gem-button-style-outline gem-button-text-weight-normal gem-button-border-1 wpcf7-form-control wpcf7-submit has-spinner gem-button-wpcf-custom\" data-ll-effect=\"drop-right-without-wrap\" style=\"border-radius: 0px;border-color: #505963FF;color: #505963FF;\" onmouseleave=\"this.style.borderColor='#505963FF';this.style.backgroundColor='transparent';this.style.color='#505963FF';\" onmouseenter=\"this.style.backgroundColor='#505963FF';this.style.color='#FFFFFFFF';\" id=\"\" tabindex=\"\" type=\"submit\" value=\"ENVOYER LA DEMANDE\" \/><\/div> \n<\/div>\n<\/div><div class=\"wpcf7-response-output\" aria-hidden=\"true\"><\/div>\n<\/form>\n<\/div>\n[\/vc_column][\/vc_row][vc_row el_class=\u00a0\u00bbpad-tb\u00a0\u00bb][vc_column][vc_gmaps link=\u00a0\u00bb#E-8_JTNDaWZyYW1lJTIwc3JjJTNEJTIyaHR0cHMlM0ElMkYlMkZ3d3cuZ29vZ2xlLmNvbSUyRm1hcHMlMkZlbWJlZCUzRnBiJTNEJTIxMW0xOCUyMTFtMTIlMjExbTMlMjExZDYwMTQuMDU0MDMyNzkyNjM4JTIxMmQxNi44MzMyNzY5MTU4NDE2MjMlMjEzZDQxLjA5MDI1NjM0NDUyMTE4JTIxMm0zJTIxMWYwJTIxMmYwJTIxM2YwJTIxM20yJTIxMWkxMDI0JTIxMmk3NjglMjE0ZjEzLjElMjEzbTMlMjExbTIlMjExczB4MTM0N2U5M2YwMGRhYTQ5ZCUyNTNBMHg1NDBkMGUwOWQ3MTQ2YTk4JTIxMnNDTUMlMjUyMExpZnQlMjE1ZTAlMjEzbTIlMjExc2l0JTIxMnNpdCUyMTR2MTYyNjA3ODM3NzgzMSUyMTVtMiUyMTFzaXQlMjEyc2l0JTIyJTIwd2lkdGglM0QlMjI2MDAlMjIlMjBoZWlnaHQlM0QlMjI0NTAlMjIlMjBzdHlsZSUzRCUyMmJvcmRlciUzQTAlM0IlMjIlMjBhbGxvd2Z1bGxzY3JlZW4lM0QlMjIlMjIlMjBsb2FkaW5nJTNEJTIybGF6eSUyMiUzRSUzQyUyRmlmcmFtZSUzRQ==\u00a0\u00bb][\/vc_column][\/vc_row]<\/p>\n<\/div>","protected":false},"excerpt":{"rendered":"<p>[vc_row full_width=\u00a0\u00bbstretch_row\u00a0\u00bb content_placement=\u00a0\u00bbbottom\u00a0\u00bb css=\u00a0\u00bb.vc_custom_1631087352594{background-image: url(https:\/\/www.cmclift.com\/wp-content\/uploads\/2021\/07\/Hero_Contatti.jpg?id=188) !important;background-position: center !important;background-repeat: no-repeat !important;background-size: cover !important;}\u00a0\u00bb el_class=\u00a0\u00bbgrd altezza\u00a0\u00bb][vc_column][vc_raw_js]JTNDc2NyaXB0JTNFJTBBZG9jdW1lbnQuYWRkRXZlbnRMaXN0ZW5lciUyOCUyN0RPTUNvbnRlbnRMb2FkZWQlMjclMkMlMjBmdW5jdGlvbiUyOCUyOSU3QiUyMCUwQSUyMCUyMCUwQSU3RCUyOSUzQiUwQSUzQyUyRnNjcmlwdCUzRQ==[\/vc_raw_js][vc_raw_html]JTNDc3R5bGUlM0UlMEEuY291bnRyeS1zZWxlY3QuaW5zaWRlJTIwaW5wdXQlMkMlMjAuY291bnRyeS1zZWxlY3QuaW5zaWRlJTIwaW5wdXQlNUJ0eXBlJTNEdGV4dCU1RCUyMCU3QiUyMHBhZGRpbmctbGVmdCUzQTQ1cHglMjAlMjFpbXBvcnRhbnQlM0IlN0QlMEEuc2VsZWN0ZWQtZmxhZyUyMC5hcnJvdyUzQWJlZm9yZSUyQy5zZWxlY3RlZC1mbGFnJTIwLmFycm93JTNBYWZ0ZXIlMjAlN0JkaXNwbGF5JTNBJTIwbm9uZSUzQiU3RCUwQS5jb3VudHJ5dGV4dC02OTglMjAuY291bnRyeS1zZWxlY3QlMjAuc2VsZWN0ZWQtZmxhZyUyMC5mbGFnJTIwJTdCdG9wJTNBNTAlMjUlM0Jib3R0b20lM0ElMjBhdXRvJTNCJTdEJTBBLmNvdW50cnl0ZXh0LTY5OCUyMC5jb3VudHJ5LXNlbGVjdCUyMC5zZWxlY3RlZC1mbGFnJTIwLmFycm93JTIwJTdCdG9wJTNBJTIwNjAlMjUlM0IlN0QlMjAlMEFmb3JtLndwY2Y3LWZvcm0uZ2VtLWNvbnRhY3QtZm9ybS1zaW1wbGUtbGluZSUyMGlucHV0JTVCdHlwZSUzRCUyMnRleHQlMjIlNUQlMjAlN0IlMEElMjB0ZXh0LXRyYW5zZm9ybSUzQSUyMHVwcGVyY2FzZSUzQiUwQSU3RCUwQSUzQyUyRnN0eWxlJTNF[\/vc_raw_html][vc_row_inner][vc_column_inner][vc_raw_html el_class=\u00a0\u00bba-center bricciole\u00a0\u00bb]JTVCd3BzZW9fYnJlYWRjcnVtYiU1RA==[\/vc_raw_html][\/vc_column_inner][\/vc_row_inner][\/vc_column][\/vc_row][vc_row][vc_column width=\u00a0\u00bb1\/4&Prime;][vc_column_text] C.M.C. s.r.l. [\/vc_column_text][vc_raw_html&#8230;<\/p>\n","protected":false},"author":9,"featured_media":0,"parent":0,"menu_order":0,"comment_status":"closed","ping_status":"closed","template":"","meta":{"footnotes":""},"class_list":["post-22761","page","type-page","status-publish"],"yoast_head":"<!-- This site is optimized with the Yoast SEO plugin v22.9 - https:\/\/yoast.com\/wordpress\/plugins\/seo\/ -->\n<title>Contactez-nous - C.M.C. S.r.l.<\/title>\n<meta name=\"robots\" content=\"noindex, follow, max-snippet:-1, max-image-preview:large, max-video-preview:-1\" \/>\n<meta property=\"og:locale\" content=\"fr_FR\" \/>\n<meta property=\"og:type\" content=\"article\" \/>\n<meta property=\"og:title\" content=\"Contactez-nous - C.M.C. S.r.l.\" \/>\n<meta property=\"og:description\" content=\"[vc_row full_width=\u00a0\u00bbstretch_row\u00a0\u00bb content_placement=\u00a0\u00bbbottom\u00a0\u00bb css=\u00a0\u00bb.vc_custom_1631087352594{background-image: url(https:\/\/www.cmclift.com\/wp-content\/uploads\/2021\/07\/Hero_Contatti.jpg?id=188) !important;background-position: center !important;background-repeat: no-repeat !important;background-size: cover !important;}\u00a0\u00bb el_class=\u00a0\u00bbgrd altezza\u00a0\u00bb][vc_column][vc_raw_js]JTNDc2NyaXB0JTNFJTBBZG9jdW1lbnQuYWRkRXZlbnRMaXN0ZW5lciUyOCUyN0RPTUNvbnRlbnRMb2FkZWQlMjclMkMlMjBmdW5jdGlvbiUyOCUyOSU3QiUyMCUwQSUyMCUyMCUwQSU3RCUyOSUzQiUwQSUzQyUyRnNjcmlwdCUzRQ==[\/vc_raw_js][vc_raw_html]JTNDc3R5bGUlM0UlMEEuY291bnRyeS1zZWxlY3QuaW5zaWRlJTIwaW5wdXQlMkMlMjAuY291bnRyeS1zZWxlY3QuaW5zaWRlJTIwaW5wdXQlNUJ0eXBlJTNEdGV4dCU1RCUyMCU3QiUyMHBhZGRpbmctbGVmdCUzQTQ1cHglMjAlMjFpbXBvcnRhbnQlM0IlN0QlMEEuc2VsZWN0ZWQtZmxhZyUyMC5hcnJvdyUzQWJlZm9yZSUyQy5zZWxlY3RlZC1mbGFnJTIwLmFycm93JTNBYWZ0ZXIlMjAlN0JkaXNwbGF5JTNBJTIwbm9uZSUzQiU3RCUwQS5jb3VudHJ5dGV4dC02OTglMjAuY291bnRyeS1zZWxlY3QlMjAuc2VsZWN0ZWQtZmxhZyUyMC5mbGFnJTIwJTdCdG9wJTNBNTAlMjUlM0Jib3R0b20lM0ElMjBhdXRvJTNCJTdEJTBBLmNvdW50cnl0ZXh0LTY5OCUyMC5jb3VudHJ5LXNlbGVjdCUyMC5zZWxlY3RlZC1mbGFnJTIwLmFycm93JTIwJTdCdG9wJTNBJTIwNjAlMjUlM0IlN0QlMjAlMEFmb3JtLndwY2Y3LWZvcm0uZ2VtLWNvbnRhY3QtZm9ybS1zaW1wbGUtbGluZSUyMGlucHV0JTVCdHlwZSUzRCUyMnRleHQlMjIlNUQlMjAlN0IlMEElMjB0ZXh0LXRyYW5zZm9ybSUzQSUyMHVwcGVyY2FzZSUzQiUwQSU3RCUwQSUzQyUyRnN0eWxlJTNF[\/vc_raw_html][vc_row_inner][vc_column_inner][vc_raw_html el_class=\u00a0\u00bba-center bricciole\u00a0\u00bb]JTVCd3BzZW9fYnJlYWRjcnVtYiU1RA==[\/vc_raw_html][\/vc_column_inner][\/vc_row_inner][\/vc_column][\/vc_row][vc_row][vc_column width=\u00a0\u00bb1\/4&Prime;][vc_column_text] C.M.C. s.r.l. [\/vc_column_text][vc_raw_html...\" \/>\n<meta property=\"og:url\" content=\"https:\/\/staging.cmclift.com\/fr\/contactez-nous\/\" \/>\n<meta property=\"og:site_name\" content=\"C.M.C. S.r.l.\" \/>\n<meta property=\"article:modified_time\" content=\"2022-01-28T11:29:57+00:00\" \/>\n<meta name=\"twitter:card\" content=\"summary_large_image\" \/>\n<meta name=\"twitter:label1\" content=\"Dur\u00e9e de lecture estim\u00e9e\" \/>\n\t<meta name=\"twitter:data1\" content=\"1 minute\" \/>\n<script type=\"application\/ld+json\" class=\"yoast-schema-graph\">{\"@context\":\"https:\/\/schema.org\",\"@graph\":[{\"@type\":\"WebPage\",\"@id\":\"https:\/\/staging.cmclift.com\/fr\/contactez-nous\/\",\"url\":\"https:\/\/staging.cmclift.com\/fr\/contactez-nous\/\",\"name\":\"Contactez-nous - C.M.C. S.r.l.\",\"isPartOf\":{\"@id\":\"https:\/\/staging.cmclift.com\/fr\/#website\"},\"datePublished\":\"2021-07-12T08:23:48+00:00\",\"dateModified\":\"2022-01-28T11:29:57+00:00\",\"breadcrumb\":{\"@id\":\"https:\/\/staging.cmclift.com\/fr\/contactez-nous\/#breadcrumb\"},\"inLanguage\":\"fr-FR\",\"potentialAction\":[{\"@type\":\"ReadAction\",\"target\":[\"https:\/\/staging.cmclift.com\/fr\/contactez-nous\/\"]}]},{\"@type\":\"BreadcrumbList\",\"@id\":\"https:\/\/staging.cmclift.com\/fr\/contactez-nous\/#breadcrumb\",\"itemListElement\":[{\"@type\":\"ListItem\",\"position\":1,\"name\":\"Home\",\"item\":\"https:\/\/staging.cmclift.com\/fr\/\"},{\"@type\":\"ListItem\",\"position\":2,\"name\":\"Contactez-nous\"}]},{\"@type\":\"WebSite\",\"@id\":\"https:\/\/staging.cmclift.com\/fr\/#website\",\"url\":\"https:\/\/staging.cmclift.com\/fr\/\",\"name\":\"C.M.C. S.r.l.\",\"description\":\"Piattaforme aeree semoventi cingolate, ragni, telescopiche e articolate\",\"publisher\":{\"@id\":\"https:\/\/staging.cmclift.com\/fr\/#organization\"},\"potentialAction\":[{\"@type\":\"SearchAction\",\"target\":{\"@type\":\"EntryPoint\",\"urlTemplate\":\"https:\/\/staging.cmclift.com\/fr\/?s={search_term_string}\"},\"query-input\":\"required name=search_term_string\"}],\"inLanguage\":\"fr-FR\"},{\"@type\":\"Organization\",\"@id\":\"https:\/\/staging.cmclift.com\/fr\/#organization\",\"name\":\"CMC Lift\",\"url\":\"https:\/\/staging.cmclift.com\/fr\/\",\"logo\":{\"@type\":\"ImageObject\",\"inLanguage\":\"fr-FR\",\"@id\":\"https:\/\/staging.cmclift.com\/fr\/#\/schema\/logo\/image\/\",\"url\":\"https:\/\/www.cmclift.com\/wp-content\/uploads\/2021\/08\/CMC_bianco_footer-2.png\",\"contentUrl\":\"https:\/\/www.cmclift.com\/wp-content\/uploads\/2021\/08\/CMC_bianco_footer-2.png\",\"width\":250,\"height\":84,\"caption\":\"CMC Lift\"},\"image\":{\"@id\":\"https:\/\/staging.cmclift.com\/fr\/#\/schema\/logo\/image\/\"}}]}<\/script>\n<!-- \/ Yoast SEO plugin. -->","yoast_head_json":{"title":"Contactez-nous - C.M.C. S.r.l.","robots":{"index":"noindex","follow":"follow","max-snippet":"max-snippet:-1","max-image-preview":"max-image-preview:large","max-video-preview":"max-video-preview:-1"},"og_locale":"fr_FR","og_type":"article","og_title":"Contactez-nous - C.M.C. S.r.l.","og_description":"[vc_row full_width=\u00a0\u00bbstretch_row\u00a0\u00bb content_placement=\u00a0\u00bbbottom\u00a0\u00bb css=\u00a0\u00bb.vc_custom_1631087352594{background-image: url(https:\/\/www.cmclift.com\/wp-content\/uploads\/2021\/07\/Hero_Contatti.jpg?id=188) !important;background-position: center !important;background-repeat: no-repeat !important;background-size: cover !important;}\u00a0\u00bb el_class=\u00a0\u00bbgrd altezza\u00a0\u00bb][vc_column][vc_raw_js]JTNDc2NyaXB0JTNFJTBBZG9jdW1lbnQuYWRkRXZlbnRMaXN0ZW5lciUyOCUyN0RPTUNvbnRlbnRMb2FkZWQlMjclMkMlMjBmdW5jdGlvbiUyOCUyOSU3QiUyMCUwQSUyMCUyMCUwQSU3RCUyOSUzQiUwQSUzQyUyRnNjcmlwdCUzRQ==[\/vc_raw_js][vc_raw_html]JTNDc3R5bGUlM0UlMEEuY291bnRyeS1zZWxlY3QuaW5zaWRlJTIwaW5wdXQlMkMlMjAuY291bnRyeS1zZWxlY3QuaW5zaWRlJTIwaW5wdXQlNUJ0eXBlJTNEdGV4dCU1RCUyMCU3QiUyMHBhZGRpbmctbGVmdCUzQTQ1cHglMjAlMjFpbXBvcnRhbnQlM0IlN0QlMEEuc2VsZWN0ZWQtZmxhZyUyMC5hcnJvdyUzQWJlZm9yZSUyQy5zZWxlY3RlZC1mbGFnJTIwLmFycm93JTNBYWZ0ZXIlMjAlN0JkaXNwbGF5JTNBJTIwbm9uZSUzQiU3RCUwQS5jb3VudHJ5dGV4dC02OTglMjAuY291bnRyeS1zZWxlY3QlMjAuc2VsZWN0ZWQtZmxhZyUyMC5mbGFnJTIwJTdCdG9wJTNBNTAlMjUlM0Jib3R0b20lM0ElMjBhdXRvJTNCJTdEJTBBLmNvdW50cnl0ZXh0LTY5OCUyMC5jb3VudHJ5LXNlbGVjdCUyMC5zZWxlY3RlZC1mbGFnJTIwLmFycm93JTIwJTdCdG9wJTNBJTIwNjAlMjUlM0IlN0QlMjAlMEFmb3JtLndwY2Y3LWZvcm0uZ2VtLWNvbnRhY3QtZm9ybS1zaW1wbGUtbGluZSUyMGlucHV0JTVCdHlwZSUzRCUyMnRleHQlMjIlNUQlMjAlN0IlMEElMjB0ZXh0LXRyYW5zZm9ybSUzQSUyMHVwcGVyY2FzZSUzQiUwQSU3RCUwQSUzQyUyRnN0eWxlJTNF[\/vc_raw_html][vc_row_inner][vc_column_inner][vc_raw_html el_class=\u00a0\u00bba-center bricciole\u00a0\u00bb]JTVCd3BzZW9fYnJlYWRjcnVtYiU1RA==[\/vc_raw_html][\/vc_column_inner][\/vc_row_inner][\/vc_column][\/vc_row][vc_row][vc_column width=\u00a0\u00bb1\/4&Prime;][vc_column_text] C.M.C. s.r.l. [\/vc_column_text][vc_raw_html...","og_url":"https:\/\/staging.cmclift.com\/fr\/contactez-nous\/","og_site_name":"C.M.C. S.r.l.","article_modified_time":"2022-01-28T11:29:57+00:00","twitter_card":"summary_large_image","twitter_misc":{"Dur\u00e9e de lecture estim\u00e9e":"1 minute"},"schema":{"@context":"https:\/\/schema.org","@graph":[{"@type":"WebPage","@id":"https:\/\/staging.cmclift.com\/fr\/contactez-nous\/","url":"https:\/\/staging.cmclift.com\/fr\/contactez-nous\/","name":"Contactez-nous - C.M.C. S.r.l.","isPartOf":{"@id":"https:\/\/staging.cmclift.com\/fr\/#website"},"datePublished":"2021-07-12T08:23:48+00:00","dateModified":"2022-01-28T11:29:57+00:00","breadcrumb":{"@id":"https:\/\/staging.cmclift.com\/fr\/contactez-nous\/#breadcrumb"},"inLanguage":"fr-FR","potentialAction":[{"@type":"ReadAction","target":["https:\/\/staging.cmclift.com\/fr\/contactez-nous\/"]}]},{"@type":"BreadcrumbList","@id":"https:\/\/staging.cmclift.com\/fr\/contactez-nous\/#breadcrumb","itemListElement":[{"@type":"ListItem","position":1,"name":"Home","item":"https:\/\/staging.cmclift.com\/fr\/"},{"@type":"ListItem","position":2,"name":"Contactez-nous"}]},{"@type":"WebSite","@id":"https:\/\/staging.cmclift.com\/fr\/#website","url":"https:\/\/staging.cmclift.com\/fr\/","name":"C.M.C. S.r.l.","description":"Piattaforme aeree semoventi cingolate, ragni, telescopiche e articolate","publisher":{"@id":"https:\/\/staging.cmclift.com\/fr\/#organization"},"potentialAction":[{"@type":"SearchAction","target":{"@type":"EntryPoint","urlTemplate":"https:\/\/staging.cmclift.com\/fr\/?s={search_term_string}"},"query-input":"required name=search_term_string"}],"inLanguage":"fr-FR"},{"@type":"Organization","@id":"https:\/\/staging.cmclift.com\/fr\/#organization","name":"CMC Lift","url":"https:\/\/staging.cmclift.com\/fr\/","logo":{"@type":"ImageObject","inLanguage":"fr-FR","@id":"https:\/\/staging.cmclift.com\/fr\/#\/schema\/logo\/image\/","url":"https:\/\/www.cmclift.com\/wp-content\/uploads\/2021\/08\/CMC_bianco_footer-2.png","contentUrl":"https:\/\/www.cmclift.com\/wp-content\/uploads\/2021\/08\/CMC_bianco_footer-2.png","width":250,"height":84,"caption":"CMC Lift"},"image":{"@id":"https:\/\/staging.cmclift.com\/fr\/#\/schema\/logo\/image\/"}}]}},"_links":{"self":[{"href":"https:\/\/staging.cmclift.com\/fr\/wp-json\/wp\/v2\/pages\/22761","targetHints":{"allow":["GET"]}}],"collection":[{"href":"https:\/\/staging.cmclift.com\/fr\/wp-json\/wp\/v2\/pages"}],"about":[{"href":"https:\/\/staging.cmclift.com\/fr\/wp-json\/wp\/v2\/types\/page"}],"author":[{"embeddable":true,"href":"https:\/\/staging.cmclift.com\/fr\/wp-json\/wp\/v2\/users\/9"}],"replies":[{"embeddable":true,"href":"https:\/\/staging.cmclift.com\/fr\/wp-json\/wp\/v2\/comments?post=22761"}],"version-history":[{"count":3,"href":"https:\/\/staging.cmclift.com\/fr\/wp-json\/wp\/v2\/pages\/22761\/revisions"}],"predecessor-version":[{"id":22765,"href":"https:\/\/staging.cmclift.com\/fr\/wp-json\/wp\/v2\/pages\/22761\/revisions\/22765"}],"wp:attachment":[{"href":"https:\/\/staging.cmclift.com\/fr\/wp-json\/wp\/v2\/media?parent=22761"}],"curies":[{"name":"wp","href":"https:\/\/api.w.org\/{rel}","templated":true}]}}