{"id":22747,"date":"2021-07-12T15:49:44","date_gmt":"2021-07-12T13:49:44","guid":{"rendered":"https:\/\/www.cmclift.com\/assistenza\/"},"modified":"2023-05-04T16:15:10","modified_gmt":"2023-05-04T14:15:10","slug":"assistance","status":"publish","type":"page","link":"https:\/\/staging.cmclift.com\/fr\/assistance\/","title":{"rendered":"Assistance"},"content":{"rendered":"<div class=\"wpb-content-wrapper\"><p>[vc_row full_width=\u00a0\u00bbstretch_row\u00a0\u00bb content_placement=\u00a0\u00bbbottom\u00a0\u00bb el_class=\u00a0\u00bbaltezza grd\u00a0\u00bb css=\u00a0\u00bb.vc_custom_1631029024690{background-image: url(https:\/\/www.cmclift.com\/wp-content\/uploads\/2021\/07\/Hero_Assistenza.jpg?id=241) !important;background-position: center !important;background-repeat: no-repeat !important;background-size: cover !important;}\u00a0\u00bb][vc_column][vc_row_inner][vc_column_inner][vc_column_text el_class=\u00a0\u00bba-center bricciole\u00a0\u00bb]<span><span><a href=\"https:\/\/staging.cmclift.com\/fr\/\">Home<\/a><\/span><\/span>[\/vc_column_text][\/vc_column_inner][\/vc_row_inner][\/vc_column][\/vc_row][vc_row el_class=\u00a0\u00bbpad-lr assistenza\u00a0\u00bb][vc_column][vc_empty_space][vc_column_text el_class=\u00a0\u00bba-center titolo\u00a0\u00bb]<\/p>\n<h1>Notre r\u00e9ponse est toujours \u00e0 la<br \/>\nhauteur de toutes les attentes<\/h1>\n<p>[\/vc_column_text][vc_empty_space][vc_column_text el_class=\u00a0\u00bba-center\u00a0\u00bb]La satisfaction de nos interlocuteurs, qu&rsquo;ils soient clients, partenaires ou stakeholders, d\u00e9pend de notre capacit\u00e9 \u00e0 r\u00e9pondre \u00e0 leurs demandes et attentes non seulement par la qualit\u00e9 de nos produits, mais aussi par l&rsquo;efficacit\u00e9 de nos services: de la formation au service apr\u00e8s-vente, de la maintenance au stockage des pi\u00e8ces d\u00e9tach\u00e9es.[\/vc_column_text][vc_empty_space][\/vc_column][\/vc_row][vc_row equal_height=\u00a0\u00bbyes\u00a0\u00bb el_class=\u00a0\u00bbm-auto\u00a0\u00bb][vc_column width=\u00a0\u00bb1\/2&Prime; css=\u00a0\u00bb.vc_custom_1627639946647{background-color: #eff0f0 !important;}\u00a0\u00bb el_class=\u00a0\u00bbpad-dx pad-full-4 vc\u00a0\u00bb][vc_column_text]<\/p>\n<h2>Les avantages pour<br \/>\nnos clients<\/h2>\n<p>[\/vc_column_text][vc_empty_space][vc_column_text el_class=\u00a0\u00bbicon\u00a0\u00bb]<\/p>\n<ul>\n<li>Un service \u00e0 la client\u00e8le adapt\u00e9 aux besoins des clients<\/li>\n<li>R\u00e9seau capillaire d&rsquo;ateliers agr\u00e9\u00e9s sur le territoire<\/li>\n<li>Assistance \u00e0 distance d\u00e9di\u00e9e<\/li>\n<li>Ligne directe pour les pi\u00e8ces d\u00e9tach\u00e9es<\/li>\n<li>Formation sur le fonctionnement, la maintenance, les man\u0153uvres d&rsquo;urgence<\/li>\n<\/ul>\n<p>[\/vc_column_text][\/vc_column][vc_column width=\u00a0\u00bb1\/2&Prime; css=\u00a0\u00bb.vc_custom_1627639954807{background-color: #eff0f0 !important;}\u00a0\u00bb el_class=\u00a0\u00bbpad-sx pad-full-4 vn\u00a0\u00bb][vc_column_text]<\/p>\n<h2>Les avantages pour les locataires<\/h2>\n<p>[\/vc_column_text][vc_empty_space][vc_column_text el_class=\u00a0\u00bbicon\u00a0\u00bb]<\/p>\n<ul>\n<li>Facilit\u00e9 d&rsquo;entretien<\/li>\n<li>Entrep\u00f4t de pi\u00e8ces d\u00e9tach\u00e9es 24\/7\/365<\/li>\n<li>Ligne directe pour les pi\u00e8ces d\u00e9tach\u00e9es avec envoi dans les 24 heures<\/li>\n<\/ul>\n<p>[\/vc_column_text][vc_raw_html el_class=\u00a0\u00bbnoleggio\u00a0\u00bb]JTNDZGl2JTIwY2xhc3MlM0QlMjJjb250YWluZXItZmxleCUyMiUzRSUwQSUzQ2RpdiUyMGNsYXNzJTNEJTIyZmxleC01MCUyMiUzRSUwQSUzQ2g0JTNFT3B0ZXolMjBwb3VyJTIwQ01DJTIwcG91ciUyMHZvdHJlJTIwZmxvdHRlJTIwZGUlMjBsb2NhdGlvbiUzQyUyRmg0JTNFJTBBJTNDJTJGZGl2JTNFJTBBJTNDZGl2JTIwY2xhc3MlM0QlMjJmbGV4LTUwJTIwYS1yaWdodCUyMiUzRSUwQSUzQ2ElMjBjbGFzcyUzRCUyMmN0YS12YWkyJTIwYXJyb3clMjBkYXJrJTIyJTIwaHJlZiUzRCUyMmh0dHBzJTNBJTJGJTJGd3d3LmNtY2xpZnQuY29tJTJGZnIlMkZmbG90dGUtZGUtbG9jYXRpb24lMkYlMjIlM0VBbGxlciUyMCVDMyVBMCUzQyUyRmElM0UlMEElM0MlMkZkaXYlM0UlMEElM0MlMkZkaXYlM0U=[\/vc_raw_html][\/vc_column][\/vc_row][vc_row el_class=\u00a0\u00bbformazione\u00a0\u00bb el_id=\u00a0\u00bbformazione\u00a0\u00bb][vc_column][vc_empty_space height=\u00a0\u00bb100px\u00a0\u00bb el_class=\u00a0\u00bbf-space-1&Prime;][vc_column_text el_class=\u00a0\u00bba-center\u00a0\u00bb]<\/p>\n<h2>Une formation qualifi\u00e9e<\/h2>\n<p>[\/vc_column_text][vc_empty_space height=\u00a0\u00bb50px\u00a0\u00bb el_class=\u00a0\u00bbf-space-2&Prime;][vc_column_text el_class=\u00a0\u00bba-center\u00a0\u00bb]Promouvoir l&rsquo;utilisation correcte et responsable de nos nacelles est l&rsquo;un de nos principaux objectifs. Nos programmes de formation pour les op\u00e9rateurs de plateformes mobiles sont dispens\u00e9s par des formateurs accr\u00e9dit\u00e9s par l&rsquo;IPAF- International Powered Access Federation &#8211; organisation \u00e0 but non lucratif dont nous sommes membres depuis des ann\u00e9es et qui r\u00e9unit la grande majorit\u00e9 des acteurs du monde des PEMP (Plateformes \u00e9l\u00e9vatrices mobiles de personnel), notamment les fabricants, les loueurs, les distributeurs, les entreprises de construction et les utilisateurs finaux.[\/vc_column_text][vc_empty_space height=\u00a0\u00bb50px\u00a0\u00bb][vc_raw_html el_class=\u00a0\u00bba-center\u00a0\u00bb]JTNDYSUyMGNsYXNzJTNEJTIyY3RhJTIwYXJyb3clMjBsb25nJTIwZGFyayUyMiUyMGhyZWYlM0QlMjJodHRwcyUzQSUyRiUyRnd3dy5jbWNsaWZ0LmNvbSUyRmZyJTJGY29udGFjdGV6LW5vdXMlMkYlMjIlM0VSJUMzJTg5U0VSVkVSJTIwRk9STUFUSU9OJTNDJTJGYSUzRQ==[\/vc_raw_html][vc_empty_space height=\u00a0\u00bb50px\u00a0\u00bb][\/vc_column][\/vc_row][vc_row css=\u00a0\u00bb.vc_custom_1627981581787{margin-bottom: 0px !important;background-image: url(https:\/\/www.cmclift.com\/wp-content\/uploads\/2021\/07\/Ricambi.jpg?id=248) !important;background-position: center !important;background-repeat: no-repeat !important;background-size: cover !important;}\u00a0\u00bb el_class=\u00a0\u00bbrel grd pad-full-5&Prime; el_id=\u00a0\u00bbricambi\u00a0\u00bb][vc_column][vc_column_text el_class=\u00a0\u00bbwhite br-no\u00a0\u00bb]<\/p>\n<h2>Efficience au-dessus<br \/>\nde la distance<\/h2>\n<p>[\/vc_column_text][vc_column_text el_class=\u00a0\u00bbwhite\u00a0\u00bb]Celui qui monte sur une nacelle araign\u00e9e CMC sait qu&rsquo;il est au sommet, aussi et surtout gr\u00e2ce \u00e0 l&rsquo;efficacit\u00e9 de notre service d&rsquo;assistance 24 heures sur 24. Notre software exclusif nous permet, par le biais d&rsquo;une connexion internet, d&rsquo;effectuer un contr\u00f4le complet \u00e0 distance de chaque plateforme et d&rsquo;intervenir en temps r\u00e9el pour r\u00e9soudre les probl\u00e8mes \u00e9ventuels, v\u00e9rifier et mettre \u00e0 jour le software de gestion de la machine, r\u00e9gler la vitesse des man\u0153uvres en fonction des besoins du client, effectuer les calibrages et les r\u00e9glages, etc. pour les pi\u00e8ces de rechange, disponible 24 heures sur 24, 7 jours sur 7 et 365 jours par an, nous permet de traiter chaque demande dans les 24 heures, ce qui minimise les temps d&rsquo;attente. La ligne d&rsquo;assistance t\u00e9l\u00e9phonique pour les pi\u00e8ces de rechange, qui est active 24 heures sur 24, 7 jours sur 7 et 365 jours par an, nous permet de traiter toutes les demandes dans les 24 heures, ce qui minimise les d\u00e9lais d&rsquo;attente.[\/vc_column_text][\/vc_column][\/vc_row][vc_row css=\u00a0\u00bb.vc_custom_1626185969494{background-color: #eff0f0 !important;}\u00a0\u00bb el_class=\u00a0\u00bbpad-full-6&Prime;][vc_column][vc_column_text]<\/p>\n<h5>SOLLICITER LES PI\u00c8CES DE RECHANGE<\/h5>\n<p>[\/vc_column_text]\n<div class=\"wpcf7 no-js\" id=\"wpcf7-f22767-o1\" lang=\"fr-FR\" dir=\"ltr\">\n<div class=\"screen-reader-response\"><p role=\"status\" aria-live=\"polite\" aria-atomic=\"true\"><\/p> <ul><\/ul><\/div>\n<form action=\"\/fr\/wp-json\/wp\/v2\/pages\/22747#wpcf7-f22767-o1\" method=\"post\" class=\"wpcf7-form init gem-contact-form-white gem-contact-form-simple-line\" aria-label=\"Formulaire de contact\" novalidate=\"novalidate\" data-status=\"init\">\n<div style=\"display: none;\">\n<input type=\"hidden\" name=\"_wpcf7\" value=\"22767\" \/>\n<input type=\"hidden\" name=\"_wpcf7_version\" value=\"5.9.6\" \/>\n<input type=\"hidden\" name=\"_wpcf7_locale\" value=\"fr_FR\" \/>\n<input type=\"hidden\" name=\"_wpcf7_unit_tag\" value=\"wpcf7-f22767-o1\" \/>\n<input type=\"hidden\" name=\"_wpcf7_container_post\" value=\"0\" \/>\n<input type=\"hidden\" name=\"_wpcf7_posted_data_hash\" value=\"\" \/>\n<input type=\"hidden\" name=\"_wpcf7cf_hidden_group_fields\" value=\"[]\" \/>\n<input type=\"hidden\" name=\"_wpcf7cf_hidden_groups\" value=\"[]\" \/>\n<input type=\"hidden\" name=\"_wpcf7cf_visible_groups\" value=\"[]\" \/>\n<input type=\"hidden\" name=\"_wpcf7cf_repeaters\" value=\"[]\" \/>\n<input type=\"hidden\" name=\"_wpcf7cf_steps\" value=\"{}\" \/>\n<input type=\"hidden\" name=\"_wpcf7cf_options\" value=\"{&quot;form_id&quot;:22767,&quot;conditions&quot;:[],&quot;settings&quot;:{&quot;animation&quot;:&quot;yes&quot;,&quot;animation_intime&quot;:200,&quot;animation_outtime&quot;:200,&quot;conditions_ui&quot;:&quot;normal&quot;,&quot;notice_dismissed&quot;:false,&quot;notice_dismissed_rollback-cf7-5.7.4&quot;:true}}\" \/>\n<\/div>\n<div class=\"container-flex\">\n<div class=\"flex-33 pad-r3\">\n<div><span class=\"wpcf7-form-control-wrap\" data-name=\"nome\"><input size=\"40\" maxlength=\"80\" class=\"wpcf7-form-control wpcf7-text wpcf7-validates-as-required\" aria-required=\"true\" aria-invalid=\"false\" placeholder=\"PR\u00c9NOM\" value=\"\" type=\"text\" name=\"nome\" \/><\/span> <\/div>\n<div><span class=\"wpcf7-form-control-wrap\" data-name=\"cognome\"><input size=\"40\" maxlength=\"80\" class=\"wpcf7-form-control wpcf7-text wpcf7-validates-as-required\" aria-required=\"true\" aria-invalid=\"false\" placeholder=\"NOM\" value=\"\" type=\"text\" name=\"cognome\" \/><\/span> <\/div>\n<div><span class=\"wpcf7-form-control-wrap\" data-name=\"azienda\"><input size=\"40\" maxlength=\"80\" class=\"wpcf7-form-control wpcf7-text wpcf7-validates-as-required\" aria-required=\"true\" aria-invalid=\"false\" placeholder=\"ENTREPRISE\" value=\"\" type=\"text\" name=\"azienda\" \/><\/span> <\/div>\n<div><span class=\"wpcf7-form-control-wrap\" data-name=\"tel-573\"><input size=\"40\" maxlength=\"11\" minlength=\"9\" class=\"wpcf7-form-control wpcf7-tel wpcf7-validates-as-required wpcf7-text wpcf7-validates-as-tel\" aria-required=\"true\" aria-invalid=\"false\" placeholder=\"T\u00c9L\u00c9PHONE\" value=\"\" type=\"tel\" name=\"tel-573\" \/><\/span><\/div>\n<div><span class=\"wpcf7-form-control-wrap\" data-name=\"email\"><input size=\"40\" maxlength=\"80\" class=\"wpcf7-form-control wpcf7-email wpcf7-validates-as-required wpcf7-text wpcf7-validates-as-email\" aria-required=\"true\" aria-invalid=\"false\" placeholder=\"ADDRESSE E-MAIL\" value=\"\" type=\"email\" name=\"email\" \/><\/span> <\/div>\n<\/div>\n<div class=\"flex-33 pad-r3\">\n<div class=\"\"><span class=\"wpcf7-form-control-wrap\" data-name=\"attivita-40\"><input size=\"40\" maxlength=\"80\" class=\"wpcf7-form-control wpcf7-text wpcf7-validates-as-required\" aria-required=\"true\" aria-invalid=\"false\" placeholder=\"SECTEUR\" value=\"\" type=\"text\" name=\"attivita-40\" \/><\/span><\/div>\n<div><span class=\"wpcf7-form-control-wrap\" data-name=\"indirizzo-40\"><input size=\"40\" maxlength=\"80\" class=\"wpcf7-form-control wpcf7-text wpcf7-validates-as-required\" aria-required=\"true\" aria-invalid=\"false\" placeholder=\"ADDRESSE\" value=\"\" type=\"text\" name=\"indirizzo-40\" \/><\/span><\/div>\n<div><span class=\"wpcf7-form-control-wrap\" data-name=\"citta-40\"><input size=\"40\" maxlength=\"80\" class=\"wpcf7-form-control wpcf7-text wpcf7-validates-as-required\" aria-required=\"true\" aria-invalid=\"false\" placeholder=\"VILLE\" value=\"\" type=\"text\" name=\"citta-40\" \/><\/span><\/div>\n<div><span class=\"wpcf7-form-control-wrap\" data-name=\"cap-837\"><input class=\"wpcf7-form-control wpcf7-number wpcf7-validates-as-required wpcf7-validates-as-number\" aria-required=\"true\" aria-invalid=\"false\" placeholder=\"CODE POSTAL\" value=\"\" type=\"number\" name=\"cap-837\" \/><\/span><\/div>\n<div class=\"\"><span class=\"wpcf7-form-control-wrap\" data-name=\"messaggio\"><textarea cols=\"40\" rows=\"5\" maxlength=\"400\" class=\"wpcf7-form-control wpcf7-textarea wpcf7-validates-as-required\" aria-required=\"true\" aria-invalid=\"false\" placeholder=\"MESSAGE\" name=\"messaggio\"><\/textarea><\/span> <\/div>\n<\/div>\n<div class=\"flex-33 rel send\">\n<style type=\"text\/css\">.thegem-button-69f7c57d3d6ca1147 .gem-button svg {fill: #505963FF;}.thegem-button-69f7c57d3d6ca1147 .gem-button:hover svg {fill: #FFFFFFFF;}<\/style><div class=\"gem-button-container gem-button-position-right thegem-button-69f7c57d3d6ca1147\"  ><input class=\"gem-button gem-button-size-medium gem-button-style-outline gem-button-text-weight-normal gem-button-border-1 wpcf7-form-control wpcf7-submit has-spinner gem-button-wpcf-custom\" data-ll-effect=\"drop-right-without-wrap\" style=\"border-radius: 0px;border-color: #505963FF;color: #505963FF;\" onmouseleave=\"this.style.borderColor='#505963FF';this.style.backgroundColor='transparent';this.style.color='#505963FF';\" onmouseenter=\"this.style.backgroundColor='#505963FF';this.style.color='#FFFFFFFF';\" id=\"\" tabindex=\"\" type=\"submit\" value=\"ENVOYER LA DEMANDE\" \/><\/div> \n<\/div>\n<\/div>\n<div class=\"container-flex\">\n<div class=\"flex-80 pad-tb\"><span class=\"wpcf7-form-control-wrap\" data-name=\"acceptance-158\"><span class=\"wpcf7-form-control wpcf7-acceptance\"><span class=\"wpcf7-list-item\"><input type=\"checkbox\" name=\"acceptance-158\" value=\"1\" aria-invalid=\"false\" \/><\/span><\/span><\/span> <span class=\"pp\">Le consentement au traitement des donn\u00e9es * est consid\u00e9r\u00e9 comme librement donn\u00e9 si la case <a href=\"https:\/\/www.cmclift.com\/fr\/privacy-policy\/\">\"Politique de confidentialit\u00e9\"<\/a> est s\u00e9lectionn\u00e9e. <\/span>\n<\/div>\n<div class=\"flex-20\">\n<\/div>\n<\/div><div class=\"wpcf7-response-output\" aria-hidden=\"true\"><\/div>\n<\/form>\n<\/div>\n[\/vc_column][\/vc_row][vc_row][vc_column][vc_empty_space height=\u00a0\u00bb50px\u00a0\u00bb][\/vc_column][\/vc_row][vc_row css=\u00a0\u00bb.vc_custom_1631893468820{padding-right: 4.5% !important;padding-left: 4.5% !important;background-color: #eff0f0 !important;}\u00a0\u00bb][vc_column][vc_empty_space height=\u00a0\u00bb50px\u00a0\u00bb][\/vc_column][vc_column width=\u00a0\u00bb9\/12&Prime;][vc_column_text]<\/p>\n<h2>Technical service bulletin<\/h2>\n<p>[\/vc_column_text][vc_empty_space height=\u00a0\u00bb20px\u00a0\u00bb][vc_column_text el_class=\u00a0\u00bbbr-no\u00a0\u00bb]Safety Bulletin will provide reminder of proper operation, hazards of<br \/>\nimproper use, and educate on the hazards of Aerial Platforms Spiderlifts.[\/vc_column_text][\/vc_column][vc_column width=\u00a0\u00bb3\/12&Prime;][vc_raw_html el_class=\u00a0\u00bba-right\u00a0\u00bb]JTNDYSUyMGNsYXNzJTNEJTIyY3RhJTIwYXJyb3clMjBkYXJrJTIyJTIwaHJlZiUzRCUyMmh0dHBzJTNBJTJGJTJGd3d3LmNtY2xpZnQuY29tJTJGZnIlMkZhc3Npc3RhbmNlJTJGc2VydmljZWJ1bGxldGluJTJGJTIyJTNFR08lMjBUTyUyMFRTQiUzQyUyRmElM0U=[\/vc_raw_html][\/vc_column][vc_column][vc_empty_space height=\u00a0\u00bb100px\u00a0\u00bb][\/vc_column][\/vc_row][vc_row][vc_column][vc_empty_space height=\u00a0\u00bb50px\u00a0\u00bb][\/vc_column][\/vc_row][vc_row css=\u00a0\u00bb.vc_custom_1627226330139{margin-bottom: 0px !important;background-color: #eff0f0 !important;}\u00a0\u00bb el_class=\u00a0\u00bbassistenza\u00a0\u00bb][vc_column][vc_column_text el_class=\u00a0\u00bba-center\u00a0\u00bb]<\/p>\n<h2>Solliciter assistance \u00e0 distance<\/h2>\n<p>[\/vc_column_text][\/vc_column][\/vc_row][vc_row content_placement=\u00a0\u00bbmiddle\u00a0\u00bb el_class=\u00a0\u00bbrel grd altezza-2 pad-lr3 assistenza\u00a0\u00bb css=\u00a0\u00bb.vc_custom_1627226308331{margin-bottom: 0px !important;background-image: url(https:\/\/www.cmclift.com\/wp-content\/uploads\/2021\/07\/Assistenza.jpg?id=281) !important;background-position: center !important;background-repeat: no-repeat !important;background-size: cover !important;}\u00a0\u00bb][vc_column][vc_column_text el_class=\u00a0\u00bba-center white\u00a0\u00bb]En connectant la machine au r\u00e9seau, notre software exclusif permettra \u00e0 nos techniciens de contr\u00f4ler \u00e0 distance votre plateforme et intervenir en temps r\u00e9el pour r\u00e9soudre les probl\u00e8mes \u00e9ventuels.[\/vc_column_text][\/vc_column][\/vc_row][vc_row css=\u00a0\u00bb.vc_custom_1626185260249{background-color: #eff0f0 !important;}\u00a0\u00bb][vc_column][vc_column_text el_class=\u00a0\u00bba-center\u00a0\u00bb]Tel: +39 0805326606 \/ +39 0805326557<br \/>\nEmail: info@cmclift.com[\/vc_column_text][\/vc_column][\/vc_row][vc_row disable_element=\u00a0\u00bbyes\u00a0\u00bb][vc_column][vc_empty_space height=\u00a0\u00bb50px\u00a0\u00bb][\/vc_column][vc_column el_class=\u00a0\u00bba-center\u00a0\u00bb][vc_column_text]<\/p>\n<h2>Contactez un centre de maintenance autoris\u00e9<\/h2>\n<p>[\/vc_column_text][vc_column_text]Pour demander une intervention directe sur la plate-forme, cliquez sur le centre de service autoris\u00e9 CMC le plus proche de chez vous parmi ceux figurant sur la carte et contactez-le aux coordonn\u00e9es indiqu\u00e9es sur le formulaire correspondant. [\/vc_column_text][\/vc_column][vc_column][vc_raw_html]JTNDaWZyYW1lJTIwc3JjJTNEJTIyaHR0cHMlM0ElMkYlMkZ3d3cuZ29vZ2xlLmNvbSUyRm1hcHMlMkZkJTJGZW1iZWQlM0ZtaWQlM0QxcllHWU1DQ3RybzB2dHYzd3h0TFF4YjhleVYwakpRZW0lMjZ6JTNENiUyMiUyMHdpZHRoJTNEJTIyMTAwJTI1JTIyJTIwaGVpZ2h0JTNEJTIyMTAwJTI1JTIyJTIwY2xhc3MlM0QlMjJnLW1hcHMlMjIlM0UlM0MlMkZpZnJhbWUlM0U=[\/vc_raw_html][vc_empty_space height=\u00a0\u00bb50px\u00a0\u00bb][\/vc_column][\/vc_row][vc_row][vc_column][vc_empty_space height=\u00a0\u00bb50px\u00a0\u00bb][\/vc_column][\/vc_row][vc_row][vc_column][vc_column_text]<\/p>\n<p>[\/vc_column_text][\/vc_column][\/vc_row][vc_row][vc_column][vc_empty_space height=\u00a0\u00bb50px\u00a0\u00bb][\/vc_column][\/vc_row]<\/p>\n<\/div>","protected":false},"excerpt":{"rendered":"<p>[vc_row full_width=\u00a0\u00bbstretch_row\u00a0\u00bb content_placement=\u00a0\u00bbbottom\u00a0\u00bb el_class=\u00a0\u00bbaltezza grd\u00a0\u00bb css=\u00a0\u00bb.vc_custom_1631029024690{background-image: url(https:\/\/www.cmclift.com\/wp-content\/uploads\/2021\/07\/Hero_Assistenza.jpg?id=241) !important;background-position: center !important;background-repeat: no-repeat !important;background-size: cover !important;}\u00a0\u00bb][vc_column][vc_row_inner][vc_column_inner][vc_column_text el_class=\u00a0\u00bba-center bricciole\u00a0\u00bb][\/vc_column_text][\/vc_column_inner][\/vc_row_inner][\/vc_column][\/vc_row][vc_row el_class=\u00a0\u00bbpad-lr assistenza\u00a0\u00bb][vc_column][vc_empty_space][vc_column_text el_class=\u00a0\u00bba-center titolo\u00a0\u00bb]&#8230;<\/p>\n","protected":false},"author":9,"featured_media":0,"parent":0,"menu_order":0,"comment_status":"closed","ping_status":"closed","template":"","meta":{"footnotes":""},"class_list":["post-22747","page","type-page","status-publish"],"yoast_head":"<!-- This site is optimized with the Yoast SEO plugin v22.9 - https:\/\/yoast.com\/wordpress\/plugins\/seo\/ -->\n<title>Assistance - C.M.C. S.r.l.<\/title>\n<meta name=\"robots\" content=\"noindex, follow, max-snippet:-1, max-image-preview:large, max-video-preview:-1\" \/>\n<meta property=\"og:locale\" content=\"fr_FR\" \/>\n<meta property=\"og:type\" content=\"article\" \/>\n<meta property=\"og:title\" content=\"Assistance - C.M.C. S.r.l.\" \/>\n<meta property=\"og:description\" content=\"[vc_row full_width=\u00a0\u00bbstretch_row\u00a0\u00bb content_placement=\u00a0\u00bbbottom\u00a0\u00bb el_class=\u00a0\u00bbaltezza grd\u00a0\u00bb css=\u00a0\u00bb.vc_custom_1631029024690{background-image: url(https:\/\/www.cmclift.com\/wp-content\/uploads\/2021\/07\/Hero_Assistenza.jpg?id=241) !important;background-position: center !important;background-repeat: no-repeat !important;background-size: cover !important;}\u00a0\u00bb][vc_column][vc_row_inner][vc_column_inner][vc_column_text el_class=\u00a0\u00bba-center bricciole\u00a0\u00bb][\/vc_column_text][\/vc_column_inner][\/vc_row_inner][\/vc_column][\/vc_row][vc_row el_class=\u00a0\u00bbpad-lr assistenza\u00a0\u00bb][vc_column][vc_empty_space][vc_column_text el_class=\u00a0\u00bba-center titolo\u00a0\u00bb]...\" \/>\n<meta property=\"og:url\" content=\"https:\/\/staging.cmclift.com\/fr\/assistance\/\" \/>\n<meta property=\"og:site_name\" content=\"C.M.C. S.r.l.\" \/>\n<meta property=\"article:modified_time\" content=\"2023-05-04T14:15:10+00:00\" \/>\n<meta name=\"twitter:card\" content=\"summary_large_image\" \/>\n<meta name=\"twitter:label1\" content=\"Dur\u00e9e de lecture estim\u00e9e\" \/>\n\t<meta name=\"twitter:data1\" content=\"4 minutes\" \/>\n<script type=\"application\/ld+json\" class=\"yoast-schema-graph\">{\"@context\":\"https:\/\/schema.org\",\"@graph\":[{\"@type\":\"WebPage\",\"@id\":\"https:\/\/staging.cmclift.com\/fr\/assistance\/\",\"url\":\"https:\/\/staging.cmclift.com\/fr\/assistance\/\",\"name\":\"Assistance - C.M.C. S.r.l.\",\"isPartOf\":{\"@id\":\"https:\/\/staging.cmclift.com\/fr\/#website\"},\"datePublished\":\"2021-07-12T13:49:44+00:00\",\"dateModified\":\"2023-05-04T14:15:10+00:00\",\"breadcrumb\":{\"@id\":\"https:\/\/staging.cmclift.com\/fr\/assistance\/#breadcrumb\"},\"inLanguage\":\"fr-FR\",\"potentialAction\":[{\"@type\":\"ReadAction\",\"target\":[\"https:\/\/staging.cmclift.com\/fr\/assistance\/\"]}]},{\"@type\":\"BreadcrumbList\",\"@id\":\"https:\/\/staging.cmclift.com\/fr\/assistance\/#breadcrumb\",\"itemListElement\":[{\"@type\":\"ListItem\",\"position\":1,\"name\":\"Home\",\"item\":\"https:\/\/staging.cmclift.com\/fr\/\"},{\"@type\":\"ListItem\",\"position\":2,\"name\":\"Assistance\"}]},{\"@type\":\"WebSite\",\"@id\":\"https:\/\/staging.cmclift.com\/fr\/#website\",\"url\":\"https:\/\/staging.cmclift.com\/fr\/\",\"name\":\"C.M.C. S.r.l.\",\"description\":\"Piattaforme aeree semoventi cingolate, ragni, telescopiche e articolate\",\"publisher\":{\"@id\":\"https:\/\/staging.cmclift.com\/fr\/#organization\"},\"potentialAction\":[{\"@type\":\"SearchAction\",\"target\":{\"@type\":\"EntryPoint\",\"urlTemplate\":\"https:\/\/staging.cmclift.com\/fr\/?s={search_term_string}\"},\"query-input\":\"required name=search_term_string\"}],\"inLanguage\":\"fr-FR\"},{\"@type\":\"Organization\",\"@id\":\"https:\/\/staging.cmclift.com\/fr\/#organization\",\"name\":\"CMC Lift\",\"url\":\"https:\/\/staging.cmclift.com\/fr\/\",\"logo\":{\"@type\":\"ImageObject\",\"inLanguage\":\"fr-FR\",\"@id\":\"https:\/\/staging.cmclift.com\/fr\/#\/schema\/logo\/image\/\",\"url\":\"https:\/\/www.cmclift.com\/wp-content\/uploads\/2021\/08\/CMC_bianco_footer-2.png\",\"contentUrl\":\"https:\/\/www.cmclift.com\/wp-content\/uploads\/2021\/08\/CMC_bianco_footer-2.png\",\"width\":250,\"height\":84,\"caption\":\"CMC Lift\"},\"image\":{\"@id\":\"https:\/\/staging.cmclift.com\/fr\/#\/schema\/logo\/image\/\"}}]}<\/script>\n<!-- \/ Yoast SEO plugin. -->","yoast_head_json":{"title":"Assistance - C.M.C. S.r.l.","robots":{"index":"noindex","follow":"follow","max-snippet":"max-snippet:-1","max-image-preview":"max-image-preview:large","max-video-preview":"max-video-preview:-1"},"og_locale":"fr_FR","og_type":"article","og_title":"Assistance - C.M.C. S.r.l.","og_description":"[vc_row full_width=\u00a0\u00bbstretch_row\u00a0\u00bb content_placement=\u00a0\u00bbbottom\u00a0\u00bb el_class=\u00a0\u00bbaltezza grd\u00a0\u00bb css=\u00a0\u00bb.vc_custom_1631029024690{background-image: url(https:\/\/www.cmclift.com\/wp-content\/uploads\/2021\/07\/Hero_Assistenza.jpg?id=241) !important;background-position: center !important;background-repeat: no-repeat !important;background-size: cover !important;}\u00a0\u00bb][vc_column][vc_row_inner][vc_column_inner][vc_column_text el_class=\u00a0\u00bba-center bricciole\u00a0\u00bb][\/vc_column_text][\/vc_column_inner][\/vc_row_inner][\/vc_column][\/vc_row][vc_row el_class=\u00a0\u00bbpad-lr assistenza\u00a0\u00bb][vc_column][vc_empty_space][vc_column_text el_class=\u00a0\u00bba-center titolo\u00a0\u00bb]...","og_url":"https:\/\/staging.cmclift.com\/fr\/assistance\/","og_site_name":"C.M.C. S.r.l.","article_modified_time":"2023-05-04T14:15:10+00:00","twitter_card":"summary_large_image","twitter_misc":{"Dur\u00e9e de lecture estim\u00e9e":"4 minutes"},"schema":{"@context":"https:\/\/schema.org","@graph":[{"@type":"WebPage","@id":"https:\/\/staging.cmclift.com\/fr\/assistance\/","url":"https:\/\/staging.cmclift.com\/fr\/assistance\/","name":"Assistance - C.M.C. S.r.l.","isPartOf":{"@id":"https:\/\/staging.cmclift.com\/fr\/#website"},"datePublished":"2021-07-12T13:49:44+00:00","dateModified":"2023-05-04T14:15:10+00:00","breadcrumb":{"@id":"https:\/\/staging.cmclift.com\/fr\/assistance\/#breadcrumb"},"inLanguage":"fr-FR","potentialAction":[{"@type":"ReadAction","target":["https:\/\/staging.cmclift.com\/fr\/assistance\/"]}]},{"@type":"BreadcrumbList","@id":"https:\/\/staging.cmclift.com\/fr\/assistance\/#breadcrumb","itemListElement":[{"@type":"ListItem","position":1,"name":"Home","item":"https:\/\/staging.cmclift.com\/fr\/"},{"@type":"ListItem","position":2,"name":"Assistance"}]},{"@type":"WebSite","@id":"https:\/\/staging.cmclift.com\/fr\/#website","url":"https:\/\/staging.cmclift.com\/fr\/","name":"C.M.C. S.r.l.","description":"Piattaforme aeree semoventi cingolate, ragni, telescopiche e articolate","publisher":{"@id":"https:\/\/staging.cmclift.com\/fr\/#organization"},"potentialAction":[{"@type":"SearchAction","target":{"@type":"EntryPoint","urlTemplate":"https:\/\/staging.cmclift.com\/fr\/?s={search_term_string}"},"query-input":"required name=search_term_string"}],"inLanguage":"fr-FR"},{"@type":"Organization","@id":"https:\/\/staging.cmclift.com\/fr\/#organization","name":"CMC Lift","url":"https:\/\/staging.cmclift.com\/fr\/","logo":{"@type":"ImageObject","inLanguage":"fr-FR","@id":"https:\/\/staging.cmclift.com\/fr\/#\/schema\/logo\/image\/","url":"https:\/\/www.cmclift.com\/wp-content\/uploads\/2021\/08\/CMC_bianco_footer-2.png","contentUrl":"https:\/\/www.cmclift.com\/wp-content\/uploads\/2021\/08\/CMC_bianco_footer-2.png","width":250,"height":84,"caption":"CMC Lift"},"image":{"@id":"https:\/\/staging.cmclift.com\/fr\/#\/schema\/logo\/image\/"}}]}},"_links":{"self":[{"href":"https:\/\/staging.cmclift.com\/fr\/wp-json\/wp\/v2\/pages\/22747","targetHints":{"allow":["GET"]}}],"collection":[{"href":"https:\/\/staging.cmclift.com\/fr\/wp-json\/wp\/v2\/pages"}],"about":[{"href":"https:\/\/staging.cmclift.com\/fr\/wp-json\/wp\/v2\/types\/page"}],"author":[{"embeddable":true,"href":"https:\/\/staging.cmclift.com\/fr\/wp-json\/wp\/v2\/users\/9"}],"replies":[{"embeddable":true,"href":"https:\/\/staging.cmclift.com\/fr\/wp-json\/wp\/v2\/comments?post=22747"}],"version-history":[{"count":7,"href":"https:\/\/staging.cmclift.com\/fr\/wp-json\/wp\/v2\/pages\/22747\/revisions"}],"predecessor-version":[{"id":33805,"href":"https:\/\/staging.cmclift.com\/fr\/wp-json\/wp\/v2\/pages\/22747\/revisions\/33805"}],"wp:attachment":[{"href":"https:\/\/staging.cmclift.com\/fr\/wp-json\/wp\/v2\/media?parent=22747"}],"curies":[{"name":"wp","href":"https:\/\/api.w.org\/{rel}","templated":true}]}}