{"id":21679,"date":"2021-07-09T10:05:03","date_gmt":"2021-07-09T08:05:03","guid":{"rendered":"https:\/\/www.cmclift.com\/company\/"},"modified":"2023-11-03T10:12:40","modified_gmt":"2023-11-03T09:12:40","slug":"innovacion-en-elevacion","status":"publish","type":"page","link":"https:\/\/staging.cmclift.com\/es\/innovacion-en-elevacion\/","title":{"rendered":"Innovaci\u00f3n en elevaci\u00f3n"},"content":{"rendered":"<div class=\"wpb-content-wrapper\"><p>[vc_row full_width=\u00bbstretch_row\u00bb full_height=\u00bbyes\u00bb css=\u00bb.vc_custom_1625827874060{background-image: url(https:\/\/www.cmclift.com\/wp-content\/uploads\/2021\/07\/Hero_company.jpg?id=98) !important;background-position: center !important;background-repeat: no-repeat !important;background-size: cover !important;}\u00bb el_class=\u00bbhero pad-r grd\u00bb][vc_column][vc_raw_html css=\u00bb.vc_custom_1631087035057{margin-bottom: 5px !important;}\u00bb el_class=\u00bbbricciole\u00bb]JTVCd3BzZW9fYnJlYWRjcnVtYiU1RA==[\/vc_raw_html][vc_column_text css_animation=\u00bbnone\u00bb el_class=\u00bbwhite\u00bb]<\/p>\n<h1>Innovaci\u00f3n<br \/>\nen elevaci\u00f3n<\/h1>\n<p>La misi\u00f3n espec\u00edfica sobre la cual basamos la ideaci\u00f3n de nuestra empresa fue la de construir plataformas elevadoras sobre orugas y mejorar continuamente su calidad, invirtiendo en investigaci\u00f3n, innovaci\u00f3n y tecnolog\u00eda.[\/vc_column_text][\/vc_column][\/vc_row][vc_row el_class=\u00bbcompany m-row_100&#8243;][vc_column width=\u00bb2\/3&#8243;][vc_column_text el_class=\u00bblarge\u00bb]Siempre estamos enfocados en hacer que nuestras bases sean lo m\u00e1s s\u00f3lidas posible y que nuestra estructura est\u00e9 en constante evoluci\u00f3n y din\u00e1mica. Nuestro objetivo es el de crecer y mejorarnos no s\u00f3lo en el tama\u00f1o, sino tambi\u00e9n y sobre todo en las prestaciones de nuestros productos y en la eficacia de nuestra organizaci\u00f3n. Eso es lo que seguiremos haciendo en el futuro, para devolver la confianza a quienes cuentan con nosotros cada d\u00eda para hacer su trabajo lo mejor posible.[\/vc_column_text][\/vc_column][vc_column width=\u00bb1\/3&#8243;][vc_raw_html]JTNDYSUyMGNsYXNzJTNEJTIyY3RhJTIwYXJyb3clMjBkYXJrJTIyJTIwaHJlZiUzRCUyMmh0dHBzJTNBJTJGJTJGd3d3LmNtY2xpZnQuY29tJTJGZXMlMkZpbm5vdmFjaW9uJTJGJTIyJTNFREVTQ1VCUkElMjBMQSUyMElOTk9WQUNJJUMzJTkzTiUzQyUyRmElM0U=[\/vc_raw_html][\/vc_column][\/vc_row][vc_row el_class=\u00bbpad-tb number\u00bb][vc_column][vc_column_text el_class=\u00bba-center\u00bb]<\/p>\n<h2>Los n\u00fameros que nos animan a ir m\u00e1s lejos<\/h2>\n<p>[\/vc_column_text][vc_empty_space height=\u00bb25px\u00bb][\/vc_column][vc_column width=\u00bb1\/3&#8243;][vc_empty_space][vc_row_inner equal_height=\u00bbyes\u00bb content_placement=\u00bbmiddle\u00bb][vc_column_inner width=\u00bb1\/4&#8243; css=\u00bb.vc_custom_1625820048051{padding-right: 0px !important;}\u00bb][vc_single_image image=\u00bb21732&#8243; img_size=\u00bb\u00bb][\/vc_column_inner][vc_column_inner width=\u00bb3\/4&#8243; css=\u00bb.vc_custom_1625820282191{padding-right: 0px !important;}\u00bb][vc_column_text]M\u00e1s de 110 empleados[\/vc_column_text][\/vc_column_inner][\/vc_row_inner][vc_empty_space][\/vc_column][vc_column width=\u00bb1\/3&#8243;][vc_empty_space][vc_row_inner equal_height=\u00bbyes\u00bb content_placement=\u00bbmiddle\u00bb][vc_column_inner width=\u00bb1\/4&#8243; css=\u00bb.vc_custom_1625820048051{padding-right: 0px !important;}\u00bb][vc_single_image image=\u00bb21726&#8243; img_size=\u00bb\u00bb][\/vc_column_inner][vc_column_inner width=\u00bb3\/4&#8243; css=\u00bb.vc_custom_1625820289343{padding-right: 0px !important;}\u00bb][vc_column_text]M\u00e1s de 30 a\u00f1os de presencia en<br \/>\nel mercado de la elevaci\u00f3n[\/vc_column_text][\/vc_column_inner][\/vc_row_inner][vc_empty_space][\/vc_column][vc_column width=\u00bb1\/3&#8243;][vc_empty_space][vc_row_inner equal_height=\u00bbyes\u00bb content_placement=\u00bbmiddle\u00bb][vc_column_inner width=\u00bb1\/4&#8243; css=\u00bb.vc_custom_1625820048051{padding-right: 0px !important;}\u00bb][vc_single_image image=\u00bb21727&#8243; img_size=\u00bb\u00bb][\/vc_column_inner][vc_column_inner width=\u00bb3\/4&#8243; css=\u00bb.vc_custom_1625820296291{padding-right: 0px !important;}\u00bb][vc_column_text]M\u00e1s de 50 millones de euros de<br \/>\nfacturaci\u00f3n en el \u00faltimo a\u00f1o[\/vc_column_text][\/vc_column_inner][\/vc_row_inner][vc_empty_space][\/vc_column][vc_column width=\u00bb1\/3&#8243;][vc_row_inner equal_height=\u00bbyes\u00bb content_placement=\u00bbmiddle\u00bb][vc_column_inner width=\u00bb1\/4&#8243; css=\u00bb.vc_custom_1625820048051{padding-right: 0px !important;}\u00bb][vc_single_image image=\u00bb21728&#8243; img_size=\u00bb\u00bb][\/vc_column_inner][vc_column_inner width=\u00bb3\/4&#8243; css=\u00bb.vc_custom_1625820282191{padding-right: 0px !important;}\u00bb][vc_column_text]M\u00e1s del 20% de la facturaci\u00f3n<br \/>\ninvertida en I + D[\/vc_column_text][\/vc_column_inner][\/vc_row_inner][vc_empty_space][\/vc_column][vc_column width=\u00bb1\/3&#8243;][vc_row_inner equal_height=\u00bbyes\u00bb content_placement=\u00bbmiddle\u00bb][vc_column_inner width=\u00bb1\/4&#8243; css=\u00bb.vc_custom_1625820048051{padding-right: 0px !important;}\u00bb][vc_single_image image=\u00bb21734&#8243; img_size=\u00bb\u00bb][\/vc_column_inner][vc_column_inner width=\u00bb3\/4&#8243; css=\u00bb.vc_custom_1625820282191{padding-right: 0px !important;}\u00bb][vc_column_text]M\u00e1s de 20.000 horas<br \/>\ninvertidas en formaci\u00f3n[\/vc_column_text][\/vc_column_inner][\/vc_row_inner][vc_empty_space][\/vc_column][vc_column width=\u00bb1\/3&#8243;][vc_row_inner equal_height=\u00bbyes\u00bb content_placement=\u00bbmiddle\u00bb][vc_column_inner width=\u00bb1\/4&#8243; css=\u00bb.vc_custom_1625820048051{padding-right: 0px !important;}\u00bb][vc_single_image image=\u00bb21730&#8243; img_size=\u00bb\u00bb][\/vc_column_inner][vc_column_inner width=\u00bb3\/4&#8243; css=\u00bb.vc_custom_1625820282191{padding-right: 0px !important;}\u00bb][vc_column_text]M\u00e1s de 50 distribuidores<br \/>\nen los 5 continentes[\/vc_column_text][\/vc_column_inner][\/vc_row_inner][vc_empty_space][\/vc_column][vc_column width=\u00bb1\/3&#8243;][vc_row_inner equal_height=\u00bbyes\u00bb content_placement=\u00bbmiddle\u00bb][vc_column_inner width=\u00bb1\/4&#8243; css=\u00bb.vc_custom_1625820048051{padding-right: 0px !important;}\u00bb][vc_single_image image=\u00bb21729&#8243; img_size=\u00bb\u00bb][\/vc_column_inner][vc_column_inner width=\u00bb3\/4&#8243; css=\u00bb.vc_custom_1625820282191{padding-right: 0px !important;}\u00bb][vc_column_text]M\u00e1s de 20.000 usuarios registrados<br \/>\nen plataformas digitales[\/vc_column_text][\/vc_column_inner][\/vc_row_inner][vc_empty_space][\/vc_column][vc_column width=\u00bb1\/3&#8243;][vc_row_inner equal_height=\u00bbyes\u00bb content_placement=\u00bbmiddle\u00bb][vc_column_inner width=\u00bb1\/4&#8243; css=\u00bb.vc_custom_1625820048051{padding-right: 0px !important;}\u00bb][vc_single_image image=\u00bb21733&#8243; img_size=\u00bb\u00bb][\/vc_column_inner][vc_column_inner width=\u00bb3\/4&#8243; css=\u00bb.vc_custom_1625820282191{padding-right: 0px !important;}\u00bb][vc_column_text]M\u00e1s de 8.000 clientes activos[\/vc_column_text][\/vc_column_inner][\/vc_row_inner][vc_empty_space][\/vc_column][vc_column width=\u00bb1\/3&#8243;][vc_row_inner equal_height=\u00bbyes\u00bb content_placement=\u00bbmiddle\u00bb][vc_column_inner width=\u00bb1\/4&#8243; css=\u00bb.vc_custom_1625820048051{padding-right: 0px !important;}\u00bb][vc_single_image image=\u00bb21731&#8243; img_size=\u00bb\u00bb][\/vc_column_inner][vc_column_inner width=\u00bb3\/4&#8243; css=\u00bb.vc_custom_1625820282191{padding-right: 0px !important;}\u00bb][vc_column_text]M\u00e1s de 30.000 metros<br \/>\ncuadrados de f\u00e1brica[\/vc_column_text][\/vc_column_inner][\/vc_row_inner][vc_empty_space][\/vc_column][\/vc_row][vc_row full_width=\u00bbstretch_row\u00bb equal_height=\u00bbyes\u00bb css=\u00bb.vc_custom_1627052885064{background-color: #4e5964 !important;}\u00bb el_class=\u00bbpad-tb company\u00bb][vc_column css=\u00bb.vc_custom_1627048705430{padding-top: 0px !important;}\u00bb][vc_column_text el_class=\u00bbwhite\u00bb]<\/p>\n<h2>Un crecimiento constante<\/h2>\n<p>[\/vc_column_text][\/vc_column][vc_column width=\u00bb1\/2&#8243;][vc_single_image image=\u00bb38654&#8243; img_size=\u00bb564&#215;333&#8243; css_animation=\u00bbfadeInUp\u00bb css=\u00bb.vc_custom_1699002757324{margin-bottom: 0px !important;}\u00bb][\/vc_column][vc_column width=\u00bb1\/2&#8243; el_class=\u00bbpad-lr2&#8243;][vc_column_text el_class=\u00bbwhite\u00bb]Nuestro crecimiento es estable en el tiempo: este aspecto es la mejor prueba de la eficacia de nuestras elecciones. La m\u00e1s v\u00e1lida entre todas es la de orientarnos hacia un producto tecnol\u00f3gicamente avanzado como la plataforma elevadora sobre orugas, que hoy representa el 100% de nuestra producci\u00f3n, anticipando a las exigencias de un mercado cada vez m\u00e1s amplio desde un punto de vista num\u00e9rico y territorial.[\/vc_column_text][vc_raw_html]JTNDYSUyMGNsYXNzJTNEJTIyY3RhJTIwY3AlMjIlMjBocmVmJTNEJTIyaHR0cHMlM0ElMkYlMkZ3d3cuY21jbGlmdC5jb20lMkZlcyUyRmNvbnRhY3RvcyUyRiUyMiUzRVNPTElDSVRBUiUyMEVMJTIwUEVSRklMJTIwREUlMjBMQSUyMEVNUFJFU0ElM0MlMkZhJTNF[\/vc_raw_html][\/vc_column][\/vc_row][vc_row][vc_column el_class=\u00bbm-pad0&#8243;][vc_empty_space height=\u00bb50px\u00bb][vc_column_text el_class=\u00bba-center\u00bb]<\/p>\n<h2>Las fases de nuestra escalada<\/h2>\n<p>[\/vc_column_text][vc_single_image image=\u00bb38689&#8243; img_size=\u00bblarge\u00bb alignment=\u00bbcenter\u00bb css_animation=\u00bbfadeInUp\u00bb][\/vc_column][\/vc_row][vc_row equal_height=\u00bbyes\u00bb el_class=\u00bbmanagement\u00bb][vc_column][vc_empty_space height=\u00bb50px\u00bb][vc_column_text el_class=\u00bba-center\u00bb]<\/p>\n<h2>Top management<\/h2>\n<p>[\/vc_column_text][vc_empty_space height=\u00bb65px\u00bb][\/vc_column][vc_column width=\u00bb1\/2&#8243;][vc_single_image image=\u00bb26592&#8243; img_size=\u00bblarge\u00bb css=\u00bb.vc_custom_1658306911766{margin-bottom: 0px !important;}\u00bb][vc_column_text el_class=\u00bbwhite a-center pad-tb2&#8243; css=\u00bb.vc_custom_1679047641875{background-color: #4e5964 !important;}\u00bb]<strong>Alessandro Mastrogiacomo<\/strong><br \/>\nCEO[\/vc_column_text][vc_empty_space][\/vc_column][vc_column width=\u00bb1\/2&#8243;][vc_single_image image=\u00bb26597&#8243; img_size=\u00bblarge\u00bb alignment=\u00bbcenter\u00bb css=\u00bb.vc_custom_1658306919219{margin-bottom: 0px !important;}\u00bb][vc_column_text el_class=\u00bbwhite a-center pad-tb2&#8243; css=\u00bb.vc_custom_1681374829988{background-color: #4e5964 !important;}\u00bb]<strong>Giuseppe Moretti<\/strong><br \/>\nCOO, PLANT MANAGER[\/vc_column_text][vc_empty_space][\/vc_column][vc_column width=\u00bb1\/2&#8243;][vc_single_image image=\u00bb21736&#8243; img_size=\u00bbfull\u00bb css=\u00bb.vc_custom_1628858567173{margin-bottom: 0px !important;}\u00bb][vc_column_text el_class=\u00bbwhite a-center pad-tb2&#8243; css=\u00bb.vc_custom_1681374797398{background-color: #4e5964 !important;}\u00bb]<strong>Carlo Mastrogiacomo<\/strong><br \/>\nCFO, CO-FOUNDER[\/vc_column_text][vc_empty_space][\/vc_column][vc_column width=\u00bb1\/2&#8243;][vc_single_image image=\u00bb21738&#8243; img_size=\u00bblarge\u00bb css=\u00bb.vc_custom_1628857956225{margin-bottom: 0px !important;}\u00bb][vc_column_text el_class=\u00bbwhite a-center pad-tb2&#8243; css=\u00bb.vc_custom_1681374814761{background-color: #4e5964 !important;}\u00bb]<strong>Michele Moretti<\/strong><br \/>\nR&amp;D MANAGER, CO-FOUNDER[\/vc_column_text][vc_empty_space][\/vc_column][\/vc_row][vc_row equal_height=\u00bbyes\u00bb disable_element=\u00bbyes\u00bb][vc_column][vc_empty_space height=\u00bb50px\u00bb][vc_column_text el_class=\u00bba-center\u00bb]<\/p>\n<h2>Top management<\/h2>\n<p>[\/vc_column_text][vc_empty_space height=\u00bb65px\u00bb][\/vc_column][vc_column width=\u00bb1\/3&#8243;][vc_single_image image=\u00bb21736&#8243; img_size=\u00bb398&#215;374&#8243; css=\u00bb.vc_custom_1628695398258{margin-bottom: 0px !important;}\u00bb][vc_column_text el_class=\u00bbwhite a-center pad-tb2&#8243; css=\u00bb.vc_custom_1625824235948{background-color: #4e5964 !important;}\u00bb]<strong>Carlo Mastrogiacomo<\/strong><br \/>\nPresidente[\/vc_column_text][vc_empty_space][\/vc_column][vc_column width=\u00bb1\/3&#8243;][vc_single_image image=\u00bb21738&#8243; img_size=\u00bb398&#215;374&#8243; css=\u00bb.vc_custom_1628695411353{margin-bottom: 0px !important;}\u00bb][vc_column_text el_class=\u00bbwhite a-center pad-tb2&#8243; css=\u00bb.vc_custom_1625824363480{background-color: #4e5964 !important;}\u00bb]<strong>Michele Moretti<\/strong><br \/>\nAmministratore Delegato[\/vc_column_text][vc_empty_space][\/vc_column][vc_column width=\u00bb1\/3&#8243;][vc_single_image image=\u00bb21740&#8243; img_size=\u00bb398&#215;374&#8243; css=\u00bb.vc_custom_1628695430367{margin-bottom: 0px !important;}\u00bb][vc_column_text el_class=\u00bbwhite a-center pad-tb2&#8243; css=\u00bb.vc_custom_1625824389066{background-color: #4e5964 !important;}\u00bb]<strong>Fulvio Quercioli<\/strong><br \/>\nResponsabile Commerciale Italia[\/vc_column_text][vc_empty_space][\/vc_column][vc_column width=\u00bb1\/3&#8243;][vc_single_image image=\u00bb21735&#8243; img_size=\u00bb398&#215;374&#8243; css=\u00bb.vc_custom_1628695452527{margin-bottom: 0px !important;}\u00bb][vc_column_text el_class=\u00bbwhite a-center pad-tb2&#8243; css=\u00bb.vc_custom_1625824487796{background-color: #4e5964 !important;}\u00bb]<strong>Alessandro Mastrogiacomo<\/strong><br \/>\nDirettore Commerciale Estero[\/vc_column_text][vc_empty_space][\/vc_column][vc_column width=\u00bb1\/3&#8243;][vc_single_image image=\u00bb21737&#8243; img_size=\u00bb398&#215;374&#8243; alignment=\u00bbcenter\u00bb css=\u00bb.vc_custom_1628695470804{margin-bottom: 0px !important;}\u00bb][vc_column_text el_class=\u00bbwhite a-center pad-tb2&#8243; css=\u00bb.vc_custom_1625824540762{background-color: #4e5964 !important;}\u00bb]<strong>Giuseppe Moretti<\/strong><br \/>\nDirettore Produzione[\/vc_column_text][vc_empty_space][\/vc_column][vc_column width=\u00bb1\/3&#8243;][vc_single_image image=\u00bb21739&#8243; img_size=\u00bb398&#215;374&#8243; alignment=\u00bbcenter\u00bb css=\u00bb.vc_custom_1628695491855{margin-bottom: 0px !important;}\u00bb][vc_column_text el_class=\u00bbwhite a-center pad-tb2&#8243; css=\u00bb.vc_custom_1625824581128{background-color: #4e5964 !important;}\u00bb]<strong>Giuseppe Pavone<\/strong><br \/>\nDirettore Reparto Service[\/vc_column_text][vc_empty_space][\/vc_column][\/vc_row][vc_row][vc_column][vc_single_image image=\u00bb33977&#8243; img_size=\u00bb300&#215;210&#8243; alignment=\u00bbcenter\u00bb onclick=\u00bbcustom_link\u00bb img_link_target=\u00bb_blank\u00bb link=\u00bbhttps:\/\/www.ipaf.org\/en\u00bb][\/vc_column][\/vc_row][vc_row el_class=\u00bbpad-t\u00bb][vc_column][vc_column_text el_class=\u00bba-center\u00bb]<\/p>\n<h2>Un \u00e9xito que sobrepasa todas las fronteras<\/h2>\n<p>[\/vc_column_text][vc_empty_space][vc_column_text el_class=\u00bbpad-lr a-center\u00bb]La reputaci\u00f3n de la marca CMC se ha extendido m\u00e1s all\u00e1 de las fronteras nacionales y nuestras plataformas a\u00e9reas se venden ahora en m\u00e1s de 30 pa\u00edses de todo el mundo y en los cinco continentes.[\/vc_column_text][vc_empty_space][vc_single_image image=\u00bb21700&#8243; img_size=\u00bbfull\u00bb][vc_raw_html][\/vc_raw_html][\/vc_column][\/vc_row][vc_row el_class=\u00bbpad-tb\u00bb][vc_column width=\u00bb1\/2&#8243;][vc_single_image image=\u00bb21695&#8243; img_size=\u00bblarge\u00bb css=\u00bb.vc_custom_1625825903785{margin-bottom: 0px !important;}\u00bb][vc_column_text css=\u00bb.vc_custom_1643795341547{background-color: #eff0f0 !important;}\u00bb el_class=\u00bbdiventa small pad-full-2&#8243;]<\/p>\n<h4>Hazte distribuidor<\/h4>\n<p>En CMC consideramos a todos nuestros<br \/>\ndistribuidores como socios sinceros y leales.<br \/>\n<a class=\"cta-dark arrow dark\" href=\"https:\/\/www.cmclift.com\/es\/hacerse-distribuidor\/\">Ver m\u00e1s<\/a>[\/vc_column_text][\/vc_column][vc_column width=\u00bb1\/2&#8243;][vc_single_image image=\u00bb21696&#8243; img_size=\u00bblarge\u00bb css=\u00bb.vc_custom_1625825910354{margin-bottom: 0px !important;}\u00bb][vc_column_text css=\u00bb.vc_custom_1643794337776{background-color: #eff0f0 !important;}\u00bb el_class=\u00bbdiventa small pad-full-2&#8243;]<\/p>\n<h4>Elija CMC para su flota de alquiler<\/h4>\n<p>Una excelente elecci\u00f3n por muchas buenas razones:<br \/>\nalta calidad Made in Italy y precios conformes.<br \/>\n<a class=\"cta-dark arrow dark\" href=\"https:\/\/www.cmclift.com\/es\/convertirse-en-fletador\/\">Ver m\u00e1s<\/a>[\/vc_column_text][\/vc_column][\/vc_row][vc_row full_width=\u00bbstretch_row\u00bb css=\u00bb.vc_custom_1627052477674{background-color: #eff0f0 !important;}\u00bb el_class=\u00bbpad-tb qualita\u00bb][vc_column css=\u00bb.vc_custom_1627052321563{padding-top: 0px !important;}\u00bb][vc_column_text el_class=\u00bba-center\u00bb]<\/p>\n<h2>Calidad probada y certificada<\/h2>\n<p>[\/vc_column_text][vc_empty_space][vc_column_text el_class=\u00bba-center\u00bb]Atribuimos la m\u00e1xima importancia al control de calidad, que llevamos a cabo en cada etapa de nuestros procesos de producci\u00f3n certificados seg\u00fan la Norma UNI EN ISO 9001. Todas nuestras plataformas se ensamblan con componentes de altas prestaciones, mientras que el departamento de pintura realiza hasta 14 operaciones para garantizar la m\u00e1xima resistencia de la estructura al desgaste y la corrosi\u00f3n. Los distintos modelos de plataformas a\u00e9reas se ponen a pruebas extensom\u00e9tricas y an\u00e1lisis estructurales que simulan miles de ciclos de trabajo para garantizar una eficiencia perfecta a lo largo del tiempo. Las plataformas CMC tambi\u00e9n cuentan con las certificaciones requeridas en los diferentes mercados: CE para Europa, AS 1418 para Australia y TUV Am\u00e9rica para los mercados de Estados Unidos y Canad\u00e1.<br \/>\n[\/vc_column_text][vc_empty_space][vc_single_image image=\u00bb31911&#8243; img_size=\u00bb911&#215;120&#8243; alignment=\u00bbcenter\u00bb][\/vc_column][\/vc_row]<\/p>\n<\/div>","protected":false},"excerpt":{"rendered":"<p>[vc_row full_width=\u00bbstretch_row\u00bb full_height=\u00bbyes\u00bb css=\u00bb.vc_custom_1625827874060{background-image: url(https:\/\/www.cmclift.com\/wp-content\/uploads\/2021\/07\/Hero_company.jpg?id=98) !important;background-position: center !important;background-repeat: no-repeat !important;background-size: cover !important;}\u00bb el_class=\u00bbhero pad-r grd\u00bb][vc_column][vc_raw_html css=\u00bb.vc_custom_1631087035057{margin-bottom: 5px !important;}\u00bb el_class=\u00bbbricciole\u00bb]JTVCd3BzZW9fYnJlYWRjcnVtYiU1RA==[\/vc_raw_html][vc_column_text css_animation=\u00bbnone\u00bb&#8230;<\/p>\n","protected":false},"author":9,"featured_media":0,"parent":0,"menu_order":0,"comment_status":"closed","ping_status":"closed","template":"","meta":{"footnotes":""},"class_list":["post-21679","page","type-page","status-publish"],"yoast_head":"<!-- This site is optimized with the Yoast SEO plugin v22.9 - https:\/\/yoast.com\/wordpress\/plugins\/seo\/ -->\n<title>Innovaci\u00f3n en elevaci\u00f3n - C.M.C. S.r.l.<\/title>\n<meta name=\"robots\" content=\"noindex, follow, max-snippet:-1, max-image-preview:large, max-video-preview:-1\" \/>\n<meta property=\"og:locale\" content=\"es_ES\" \/>\n<meta property=\"og:type\" content=\"article\" \/>\n<meta property=\"og:title\" content=\"Innovaci\u00f3n en elevaci\u00f3n - C.M.C. S.r.l.\" \/>\n<meta property=\"og:description\" content=\"[vc_row full_width=\u00bbstretch_row\u00bb full_height=\u00bbyes\u00bb css=\u00bb.vc_custom_1625827874060{background-image: url(https:\/\/www.cmclift.com\/wp-content\/uploads\/2021\/07\/Hero_company.jpg?id=98) !important;background-position: center !important;background-repeat: no-repeat !important;background-size: cover !important;}\u00bb el_class=\u00bbhero pad-r grd\u00bb][vc_column][vc_raw_html css=\u00bb.vc_custom_1631087035057{margin-bottom: 5px !important;}\u00bb el_class=\u00bbbricciole\u00bb]JTVCd3BzZW9fYnJlYWRjcnVtYiU1RA==[\/vc_raw_html][vc_column_text css_animation=\u00bbnone\u00bb...\" \/>\n<meta property=\"og:url\" content=\"https:\/\/staging.cmclift.com\/es\/innovacion-en-elevacion\/\" \/>\n<meta property=\"og:site_name\" content=\"C.M.C. S.r.l.\" \/>\n<meta property=\"article:modified_time\" content=\"2023-11-03T09:12:40+00:00\" \/>\n<meta name=\"twitter:card\" content=\"summary_large_image\" \/>\n<meta name=\"twitter:label1\" content=\"Tiempo de lectura\" \/>\n\t<meta name=\"twitter:data1\" content=\"5 minutos\" \/>\n<script type=\"application\/ld+json\" class=\"yoast-schema-graph\">{\"@context\":\"https:\/\/schema.org\",\"@graph\":[{\"@type\":\"WebPage\",\"@id\":\"https:\/\/staging.cmclift.com\/es\/innovacion-en-elevacion\/\",\"url\":\"https:\/\/staging.cmclift.com\/es\/innovacion-en-elevacion\/\",\"name\":\"Innovaci\u00f3n en elevaci\u00f3n - C.M.C. S.r.l.\",\"isPartOf\":{\"@id\":\"https:\/\/staging.cmclift.com\/es\/#website\"},\"datePublished\":\"2021-07-09T08:05:03+00:00\",\"dateModified\":\"2023-11-03T09:12:40+00:00\",\"breadcrumb\":{\"@id\":\"https:\/\/staging.cmclift.com\/es\/innovacion-en-elevacion\/#breadcrumb\"},\"inLanguage\":\"es\",\"potentialAction\":[{\"@type\":\"ReadAction\",\"target\":[\"https:\/\/staging.cmclift.com\/es\/innovacion-en-elevacion\/\"]}]},{\"@type\":\"BreadcrumbList\",\"@id\":\"https:\/\/staging.cmclift.com\/es\/innovacion-en-elevacion\/#breadcrumb\",\"itemListElement\":[{\"@type\":\"ListItem\",\"position\":1,\"name\":\"Home\",\"item\":\"https:\/\/staging.cmclift.com\/es\/\"},{\"@type\":\"ListItem\",\"position\":2,\"name\":\"Innovaci\u00f3n en elevaci\u00f3n\"}]},{\"@type\":\"WebSite\",\"@id\":\"https:\/\/staging.cmclift.com\/es\/#website\",\"url\":\"https:\/\/staging.cmclift.com\/es\/\",\"name\":\"C.M.C. S.r.l.\",\"description\":\"Piattaforme aeree semoventi cingolate, ragni, telescopiche e articolate\",\"publisher\":{\"@id\":\"https:\/\/staging.cmclift.com\/es\/#organization\"},\"potentialAction\":[{\"@type\":\"SearchAction\",\"target\":{\"@type\":\"EntryPoint\",\"urlTemplate\":\"https:\/\/staging.cmclift.com\/es\/?s={search_term_string}\"},\"query-input\":\"required name=search_term_string\"}],\"inLanguage\":\"es\"},{\"@type\":\"Organization\",\"@id\":\"https:\/\/staging.cmclift.com\/es\/#organization\",\"name\":\"CMC Lift\",\"url\":\"https:\/\/staging.cmclift.com\/es\/\",\"logo\":{\"@type\":\"ImageObject\",\"inLanguage\":\"es\",\"@id\":\"https:\/\/staging.cmclift.com\/es\/#\/schema\/logo\/image\/\",\"url\":\"https:\/\/www.cmclift.com\/wp-content\/uploads\/2021\/08\/CMC_bianco_footer-2.png\",\"contentUrl\":\"https:\/\/www.cmclift.com\/wp-content\/uploads\/2021\/08\/CMC_bianco_footer-2.png\",\"width\":250,\"height\":84,\"caption\":\"CMC Lift\"},\"image\":{\"@id\":\"https:\/\/staging.cmclift.com\/es\/#\/schema\/logo\/image\/\"}}]}<\/script>\n<!-- \/ Yoast SEO plugin. -->","yoast_head_json":{"title":"Innovaci\u00f3n en elevaci\u00f3n - C.M.C. S.r.l.","robots":{"index":"noindex","follow":"follow","max-snippet":"max-snippet:-1","max-image-preview":"max-image-preview:large","max-video-preview":"max-video-preview:-1"},"og_locale":"es_ES","og_type":"article","og_title":"Innovaci\u00f3n en elevaci\u00f3n - C.M.C. S.r.l.","og_description":"[vc_row full_width=\u00bbstretch_row\u00bb full_height=\u00bbyes\u00bb css=\u00bb.vc_custom_1625827874060{background-image: url(https:\/\/www.cmclift.com\/wp-content\/uploads\/2021\/07\/Hero_company.jpg?id=98) !important;background-position: center !important;background-repeat: no-repeat !important;background-size: cover !important;}\u00bb el_class=\u00bbhero pad-r grd\u00bb][vc_column][vc_raw_html css=\u00bb.vc_custom_1631087035057{margin-bottom: 5px !important;}\u00bb el_class=\u00bbbricciole\u00bb]JTVCd3BzZW9fYnJlYWRjcnVtYiU1RA==[\/vc_raw_html][vc_column_text css_animation=\u00bbnone\u00bb...","og_url":"https:\/\/staging.cmclift.com\/es\/innovacion-en-elevacion\/","og_site_name":"C.M.C. S.r.l.","article_modified_time":"2023-11-03T09:12:40+00:00","twitter_card":"summary_large_image","twitter_misc":{"Tiempo de lectura":"5 minutos"},"schema":{"@context":"https:\/\/schema.org","@graph":[{"@type":"WebPage","@id":"https:\/\/staging.cmclift.com\/es\/innovacion-en-elevacion\/","url":"https:\/\/staging.cmclift.com\/es\/innovacion-en-elevacion\/","name":"Innovaci\u00f3n en elevaci\u00f3n - C.M.C. S.r.l.","isPartOf":{"@id":"https:\/\/staging.cmclift.com\/es\/#website"},"datePublished":"2021-07-09T08:05:03+00:00","dateModified":"2023-11-03T09:12:40+00:00","breadcrumb":{"@id":"https:\/\/staging.cmclift.com\/es\/innovacion-en-elevacion\/#breadcrumb"},"inLanguage":"es","potentialAction":[{"@type":"ReadAction","target":["https:\/\/staging.cmclift.com\/es\/innovacion-en-elevacion\/"]}]},{"@type":"BreadcrumbList","@id":"https:\/\/staging.cmclift.com\/es\/innovacion-en-elevacion\/#breadcrumb","itemListElement":[{"@type":"ListItem","position":1,"name":"Home","item":"https:\/\/staging.cmclift.com\/es\/"},{"@type":"ListItem","position":2,"name":"Innovaci\u00f3n en elevaci\u00f3n"}]},{"@type":"WebSite","@id":"https:\/\/staging.cmclift.com\/es\/#website","url":"https:\/\/staging.cmclift.com\/es\/","name":"C.M.C. S.r.l.","description":"Piattaforme aeree semoventi cingolate, ragni, telescopiche e articolate","publisher":{"@id":"https:\/\/staging.cmclift.com\/es\/#organization"},"potentialAction":[{"@type":"SearchAction","target":{"@type":"EntryPoint","urlTemplate":"https:\/\/staging.cmclift.com\/es\/?s={search_term_string}"},"query-input":"required name=search_term_string"}],"inLanguage":"es"},{"@type":"Organization","@id":"https:\/\/staging.cmclift.com\/es\/#organization","name":"CMC Lift","url":"https:\/\/staging.cmclift.com\/es\/","logo":{"@type":"ImageObject","inLanguage":"es","@id":"https:\/\/staging.cmclift.com\/es\/#\/schema\/logo\/image\/","url":"https:\/\/www.cmclift.com\/wp-content\/uploads\/2021\/08\/CMC_bianco_footer-2.png","contentUrl":"https:\/\/www.cmclift.com\/wp-content\/uploads\/2021\/08\/CMC_bianco_footer-2.png","width":250,"height":84,"caption":"CMC Lift"},"image":{"@id":"https:\/\/staging.cmclift.com\/es\/#\/schema\/logo\/image\/"}}]}},"_links":{"self":[{"href":"https:\/\/staging.cmclift.com\/es\/wp-json\/wp\/v2\/pages\/21679","targetHints":{"allow":["GET"]}}],"collection":[{"href":"https:\/\/staging.cmclift.com\/es\/wp-json\/wp\/v2\/pages"}],"about":[{"href":"https:\/\/staging.cmclift.com\/es\/wp-json\/wp\/v2\/types\/page"}],"author":[{"embeddable":true,"href":"https:\/\/staging.cmclift.com\/es\/wp-json\/wp\/v2\/users\/9"}],"replies":[{"embeddable":true,"href":"https:\/\/staging.cmclift.com\/es\/wp-json\/wp\/v2\/comments?post=21679"}],"version-history":[{"count":20,"href":"https:\/\/staging.cmclift.com\/es\/wp-json\/wp\/v2\/pages\/21679\/revisions"}],"predecessor-version":[{"id":38697,"href":"https:\/\/staging.cmclift.com\/es\/wp-json\/wp\/v2\/pages\/21679\/revisions\/38697"}],"wp:attachment":[{"href":"https:\/\/staging.cmclift.com\/es\/wp-json\/wp\/v2\/media?parent=21679"}],"curies":[{"name":"wp","href":"https:\/\/api.w.org\/{rel}","templated":true}]}}